{"id":8848,"date":"2023-12-15T11:57:54","date_gmt":"2023-12-15T08:57:54","guid":{"rendered":"https:\/\/eronyazilim.com.tr\/?post_type=product&#038;p=8848"},"modified":"2026-02-01T19:18:42","modified_gmt":"2026-02-01T16:18:42","slug":"kare-cop-kovasi-tip-b","status":"publish","type":"product","link":"https:\/\/robiwood.com\/tr\/urunler\/kare-cop-kovasi-tip-b\/","title":{"rendered":"Modern \u00c7\u00f6p Kovas\u0131 Tip B"},"content":{"rendered":"<div id=\"comp-kl87g3k6\" class=\"BaOVQ8 tz5f0K comp-kl87g3k6 wixui-rich-text\" data-testid=\"richTextElement\">\n<p class=\"font_8 wixui-rich-text__text\"><span class=\"wixui-rich-text__text\">This Robinia playground, which includes many activities, offers children a safe area to play sports while having fun.<\/span><\/p>\n<\/div>\n<div id=\"comp-kl87g3js\" class=\"BaOVQ8 tz5f0K comp-kl87g3js wixui-rich-text\" data-testid=\"richTextElement\"><\/div>\n","protected":false},"excerpt":{"rendered":"<p>This Robinia playground, which includes many activities, offers children a safe area to play sports while having fun.<\/p>\n","protected":false},"featured_media":19760,"template":"","meta":{"inline_featured_image":false},"product_brand":[],"product_cat":[131],"product_tag":[152,105,149,155,153],"class_list":{"0":"post-8848","1":"product","2":"type-product","3":"status-publish","4":"has-post-thumbnail","6":"product_cat-robicity","7":"product_tag-akasya-oyun-gruplari","8":"product_tag-akasya-temali-oyun-alani","9":"product_tag-oyun-gruplari","10":"product_tag-paslanmaz","11":"product_tag-playground","12":"pa_kritik-dusme-yuksekligi-258","13":"pa_kullanici-sayisi-260","14":"pa_renkler-natural","15":"pa_yas-grubu-257","17":"first","18":"instock","19":"shipping-taxable","20":"purchasable","21":"product-type-variable","22":"has-default-attributes"},"acf":[],"_links":{"self":[{"href":"https:\/\/robiwood.com\/tr\/wp-json\/wp\/v2\/product\/8848","targetHints":{"allow":["GET"]}}],"collection":[{"href":"https:\/\/robiwood.com\/tr\/wp-json\/wp\/v2\/product"}],"about":[{"href":"https:\/\/robiwood.com\/tr\/wp-json\/wp\/v2\/types\/product"}],"wp:featuredmedia":[{"embeddable":true,"href":"https:\/\/robiwood.com\/tr\/wp-json\/wp\/v2\/media\/19760"}],"wp:attachment":[{"href":"https:\/\/robiwood.com\/tr\/wp-json\/wp\/v2\/media?parent=8848"}],"wp:term":[{"taxonomy":"product_brand","embeddable":true,"href":"https:\/\/robiwood.com\/tr\/wp-json\/wp\/v2\/product_brand?post=8848"},{"taxonomy":"product_cat","embeddable":true,"href":"https:\/\/robiwood.com\/tr\/wp-json\/wp\/v2\/product_cat?post=8848"},{"taxonomy":"product_tag","embeddable":true,"href":"https:\/\/robiwood.com\/tr\/wp-json\/wp\/v2\/product_tag?post=8848"}],"curies":[{"name":"wp","href":"https:\/\/api.w.org\/{rel}","templated":true}]}}