{"id":8325,"date":"2023-12-08T16:31:47","date_gmt":"2023-12-08T13:31:47","guid":{"rendered":"https:\/\/eronyazilim.com.tr\/?post_type=product&#038;p=8325"},"modified":"2024-12-24T11:11:01","modified_gmt":"2024-12-24T08:11:01","slug":"dag-tirmanisi","status":"publish","type":"product","link":"https:\/\/robiwood.com\/tr\/urunler\/dag-tirmanisi\/","title":{"rendered":"Da\u011f T\u0131rman\u0131\u015f\u0131"},"content":{"rendered":"","protected":false},"excerpt":{"rendered":"","protected":false},"featured_media":17891,"template":"","meta":{"inline_featured_image":false},"product_brand":[],"product_cat":[76,75],"product_tag":[152,157,149,151,155,153,148,150,158],"class_list":{"0":"post-8325","1":"product","2":"type-product","3":"status-publish","4":"has-post-thumbnail","6":"product_cat-macera-oyun-gruplari","7":"product_cat-robi-play","8":"product_tag-akasya-oyun-gruplari","9":"product_tag-halat","10":"product_tag-oyun-gruplari","11":"product_tag-park","12":"product_tag-paslanmaz","13":"product_tag-playground","14":"product_tag-robimini-oyun-gruplari","15":"product_tag-salincak","16":"product_tag-tirmanma","17":"pa_kritik-dusme-yuksekligi-2m","18":"pa_kullanici-sayisi-1-20","19":"pa_renkler-klasik","20":"pa_renkler-orman","21":"pa_yas-grubu-5-12","23":"first","24":"instock","25":"shipping-taxable","26":"purchasable","27":"product-type-variable","28":"has-default-attributes"},"acf":[],"_links":{"self":[{"href":"https:\/\/robiwood.com\/tr\/wp-json\/wp\/v2\/product\/8325","targetHints":{"allow":["GET"]}}],"collection":[{"href":"https:\/\/robiwood.com\/tr\/wp-json\/wp\/v2\/product"}],"about":[{"href":"https:\/\/robiwood.com\/tr\/wp-json\/wp\/v2\/types\/product"}],"wp:featuredmedia":[{"embeddable":true,"href":"https:\/\/robiwood.com\/tr\/wp-json\/wp\/v2\/media\/17891"}],"wp:attachment":[{"href":"https:\/\/robiwood.com\/tr\/wp-json\/wp\/v2\/media?parent=8325"}],"wp:term":[{"taxonomy":"product_brand","embeddable":true,"href":"https:\/\/robiwood.com\/tr\/wp-json\/wp\/v2\/product_brand?post=8325"},{"taxonomy":"product_cat","embeddable":true,"href":"https:\/\/robiwood.com\/tr\/wp-json\/wp\/v2\/product_cat?post=8325"},{"taxonomy":"product_tag","embeddable":true,"href":"https:\/\/robiwood.com\/tr\/wp-json\/wp\/v2\/product_tag?post=8325"}],"curies":[{"name":"wp","href":"https:\/\/api.w.org\/{rel}","templated":true}]}}