{"id":21259,"date":"2025-03-06T10:34:40","date_gmt":"2025-03-06T07:34:40","guid":{"rendered":"https:\/\/robiwood.com\/urunler\/\/"},"modified":"2026-02-01T19:15:43","modified_gmt":"2026-02-01T16:15:43","slug":"uclu-rota","status":"publish","type":"product","link":"https:\/\/robiwood.com\/tr\/urunler\/uclu-rota\/","title":{"rendered":"\u00dc\u00e7l\u00fc Rota"},"content":{"rendered":"","protected":false},"excerpt":{"rendered":"","protected":false},"featured_media":21261,"template":"","meta":{"inline_featured_image":false},"product_brand":[],"product_cat":[73,75],"product_tag":[152,157,149,151,155,153,148,150,158],"class_list":{"0":"post-21259","1":"product","2":"type-product","3":"status-publish","4":"has-post-thumbnail","6":"product_cat-macera-parkurlari","7":"product_cat-robi-play","8":"product_tag-akasya-oyun-gruplari","9":"product_tag-halat","10":"product_tag-oyun-gruplari","11":"product_tag-park","12":"product_tag-paslanmaz","13":"product_tag-playground","14":"product_tag-robimini-oyun-gruplari","15":"product_tag-salincak","16":"product_tag-tirmanma","17":"pa_kritik-dusme-yuksekligi-0-50m","18":"pa_kullanici-sayisi-1-15","19":"pa_renkler-natural","20":"pa_yas-grubu-5-12","22":"first","23":"instock","24":"shipping-taxable","25":"purchasable","26":"product-type-variable","27":"has-default-attributes"},"acf":[],"_links":{"self":[{"href":"https:\/\/robiwood.com\/tr\/wp-json\/wp\/v2\/product\/21259","targetHints":{"allow":["GET"]}}],"collection":[{"href":"https:\/\/robiwood.com\/tr\/wp-json\/wp\/v2\/product"}],"about":[{"href":"https:\/\/robiwood.com\/tr\/wp-json\/wp\/v2\/types\/product"}],"wp:featuredmedia":[{"embeddable":true,"href":"https:\/\/robiwood.com\/tr\/wp-json\/wp\/v2\/media\/21261"}],"wp:attachment":[{"href":"https:\/\/robiwood.com\/tr\/wp-json\/wp\/v2\/media?parent=21259"}],"wp:term":[{"taxonomy":"product_brand","embeddable":true,"href":"https:\/\/robiwood.com\/tr\/wp-json\/wp\/v2\/product_brand?post=21259"},{"taxonomy":"product_cat","embeddable":true,"href":"https:\/\/robiwood.com\/tr\/wp-json\/wp\/v2\/product_cat?post=21259"},{"taxonomy":"product_tag","embeddable":true,"href":"https:\/\/robiwood.com\/tr\/wp-json\/wp\/v2\/product_tag?post=21259"}],"curies":[{"name":"wp","href":"https:\/\/api.w.org\/{rel}","templated":true}]}}