{"id":20303,"date":"2024-12-24T13:11:48","date_gmt":"2024-12-24T10:11:48","guid":{"rendered":"https:\/\/robiwood.com\/urunler\/\/"},"modified":"2025-02-26T17:08:23","modified_gmt":"2025-02-26T14:08:23","slug":"uclu-salincak-seti","status":"publish","type":"product","link":"https:\/\/robiwood.com\/tr\/urunler\/uclu-salincak-seti\/","title":{"rendered":"\u00dc\u00e7l\u00fc Sal\u0131ncak Seti"},"content":{"rendered":"","protected":false},"excerpt":{"rendered":"","protected":false},"featured_media":21118,"template":"","meta":{"inline_featured_image":false},"product_brand":[],"product_cat":[75,126],"product_tag":[152,105,149,155,153],"class_list":{"0":"post-20303","1":"product","2":"type-product","3":"status-publish","4":"has-post-thumbnail","6":"product_cat-robi-play","7":"product_cat-yardimci-oyun-ekipmanlari","8":"product_tag-akasya-oyun-gruplari","9":"product_tag-akasya-temali-oyun-alani","10":"product_tag-oyun-gruplari","11":"product_tag-paslanmaz","12":"product_tag-playground","13":"pa_kritik-dusme-yuksekligi-1-5m","14":"pa_kullanici-sayisi-1-5","15":"pa_renkler-natural","16":"pa_yas-grubu-3-12","18":"first","19":"instock","20":"shipping-taxable","21":"purchasable","22":"product-type-variable","23":"has-default-attributes"},"acf":[],"_links":{"self":[{"href":"https:\/\/robiwood.com\/tr\/wp-json\/wp\/v2\/product\/20303","targetHints":{"allow":["GET"]}}],"collection":[{"href":"https:\/\/robiwood.com\/tr\/wp-json\/wp\/v2\/product"}],"about":[{"href":"https:\/\/robiwood.com\/tr\/wp-json\/wp\/v2\/types\/product"}],"wp:featuredmedia":[{"embeddable":true,"href":"https:\/\/robiwood.com\/tr\/wp-json\/wp\/v2\/media\/21118"}],"wp:attachment":[{"href":"https:\/\/robiwood.com\/tr\/wp-json\/wp\/v2\/media?parent=20303"}],"wp:term":[{"taxonomy":"product_brand","embeddable":true,"href":"https:\/\/robiwood.com\/tr\/wp-json\/wp\/v2\/product_brand?post=20303"},{"taxonomy":"product_cat","embeddable":true,"href":"https:\/\/robiwood.com\/tr\/wp-json\/wp\/v2\/product_cat?post=20303"},{"taxonomy":"product_tag","embeddable":true,"href":"https:\/\/robiwood.com\/tr\/wp-json\/wp\/v2\/product_tag?post=20303"}],"curies":[{"name":"wp","href":"https:\/\/api.w.org\/{rel}","templated":true}]}}