{"id":19847,"date":"2024-12-16T15:49:47","date_gmt":"2024-12-16T12:49:47","guid":{"rendered":"https:\/\/robiwood.com\/urunler\/\/"},"modified":"2025-02-28T10:39:37","modified_gmt":"2025-02-28T07:39:37","slug":"uclu-barfiks","status":"publish","type":"product","link":"https:\/\/robiwood.com\/tr\/urunler\/uclu-barfiks\/","title":{"rendered":"\u00dc\u00e7l\u00fc Barfiks"},"content":{"rendered":"","protected":false},"excerpt":{"rendered":"","protected":false},"featured_media":19852,"template":"","meta":{"inline_featured_image":false},"product_brand":[],"product_cat":[81],"product_tag":[152,157,149,151,155,153,148,150,158],"class_list":{"0":"post-19847","1":"product","2":"type-product","3":"status-publish","4":"has-post-thumbnail","6":"product_cat-robifit","7":"product_tag-akasya-oyun-gruplari","8":"product_tag-halat","9":"product_tag-oyun-gruplari","10":"product_tag-park","11":"product_tag-paslanmaz","12":"product_tag-playground","13":"product_tag-robimini-oyun-gruplari","14":"product_tag-salincak","15":"product_tag-tirmanma","16":"pa_kritik-dusme-yuksekligi-258","17":"pa_kullanici-sayisi-1-3","18":"pa_renkler-natural","19":"pa_yas-grubu-266","21":"first","22":"instock","23":"shipping-taxable","24":"purchasable","25":"product-type-variable","26":"has-default-attributes"},"acf":[],"_links":{"self":[{"href":"https:\/\/robiwood.com\/tr\/wp-json\/wp\/v2\/product\/19847","targetHints":{"allow":["GET"]}}],"collection":[{"href":"https:\/\/robiwood.com\/tr\/wp-json\/wp\/v2\/product"}],"about":[{"href":"https:\/\/robiwood.com\/tr\/wp-json\/wp\/v2\/types\/product"}],"wp:featuredmedia":[{"embeddable":true,"href":"https:\/\/robiwood.com\/tr\/wp-json\/wp\/v2\/media\/19852"}],"wp:attachment":[{"href":"https:\/\/robiwood.com\/tr\/wp-json\/wp\/v2\/media?parent=19847"}],"wp:term":[{"taxonomy":"product_brand","embeddable":true,"href":"https:\/\/robiwood.com\/tr\/wp-json\/wp\/v2\/product_brand?post=19847"},{"taxonomy":"product_cat","embeddable":true,"href":"https:\/\/robiwood.com\/tr\/wp-json\/wp\/v2\/product_cat?post=19847"},{"taxonomy":"product_tag","embeddable":true,"href":"https:\/\/robiwood.com\/tr\/wp-json\/wp\/v2\/product_tag?post=19847"}],"curies":[{"name":"wp","href":"https:\/\/api.w.org\/{rel}","templated":true}]}}