{"id":18759,"date":"2024-11-14T12:36:59","date_gmt":"2024-11-14T09:36:59","guid":{"rendered":"https:\/\/robiwood.com\/urunler\/\/"},"modified":"2025-02-24T08:57:19","modified_gmt":"2025-02-24T05:57:19","slug":"dusler-kayigi","status":"publish","type":"product","link":"https:\/\/robiwood.com\/tr\/urunler\/dusler-kayigi\/","title":{"rendered":"D\u00fc\u015fler Kay\u0131\u011f\u0131"},"content":{"rendered":"","protected":false},"excerpt":{"rendered":"","protected":false},"featured_media":18763,"template":"","meta":{"inline_featured_image":false},"product_brand":[],"product_cat":[127],"product_tag":[152,105,149,155,153],"class_list":{"0":"post-18759","1":"product","2":"type-product","3":"status-publish","4":"has-post-thumbnail","6":"product_cat-robimini-oyun-gruplari","7":"product_tag-akasya-oyun-gruplari","8":"product_tag-akasya-temali-oyun-alani","9":"product_tag-oyun-gruplari","10":"product_tag-paslanmaz","11":"product_tag-playground","12":"pa_kritik-dusme-yuksekligi-1m","13":"pa_kullanici-sayisi-1-5","14":"pa_renkler-deniz","15":"pa_yas-grubu-2-8","17":"first","18":"instock","19":"shipping-taxable","20":"purchasable","21":"product-type-variable","22":"has-default-attributes"},"acf":[],"_links":{"self":[{"href":"https:\/\/robiwood.com\/tr\/wp-json\/wp\/v2\/product\/18759","targetHints":{"allow":["GET"]}}],"collection":[{"href":"https:\/\/robiwood.com\/tr\/wp-json\/wp\/v2\/product"}],"about":[{"href":"https:\/\/robiwood.com\/tr\/wp-json\/wp\/v2\/types\/product"}],"wp:featuredmedia":[{"embeddable":true,"href":"https:\/\/robiwood.com\/tr\/wp-json\/wp\/v2\/media\/18763"}],"wp:attachment":[{"href":"https:\/\/robiwood.com\/tr\/wp-json\/wp\/v2\/media?parent=18759"}],"wp:term":[{"taxonomy":"product_brand","embeddable":true,"href":"https:\/\/robiwood.com\/tr\/wp-json\/wp\/v2\/product_brand?post=18759"},{"taxonomy":"product_cat","embeddable":true,"href":"https:\/\/robiwood.com\/tr\/wp-json\/wp\/v2\/product_cat?post=18759"},{"taxonomy":"product_tag","embeddable":true,"href":"https:\/\/robiwood.com\/tr\/wp-json\/wp\/v2\/product_tag?post=18759"}],"curies":[{"name":"wp","href":"https:\/\/api.w.org\/{rel}","templated":true}]}}