{"id":2707,"date":"2023-09-26T19:08:43","date_gmt":"2023-09-26T16:08:43","guid":{"rendered":"https:\/\/eronyazilim.com.tr\/?page_id=2707"},"modified":"2024-06-14T08:47:49","modified_gmt":"2024-06-14T05:47:49","slug":"sikca-sorulan-sorular","status":"publish","type":"page","link":"https:\/\/robiwood.com\/tr\/sikca-sorulan-sorular\/","title":{"rendered":"S\u0131k\u00e7a Sorulan Sorular"},"content":{"rendered":"\t\t<div data-elementor-type=\"wp-page\" data-elementor-id=\"2707\" class=\"elementor elementor-2707\" data-elementor-post-type=\"page\">\n\t\t\t\t<div class=\"elementor-element elementor-element-f42115e e-con-full e-flex e-con e-parent\" data-id=\"f42115e\" data-element_type=\"container\" data-e-type=\"container\" data-settings=\"{&quot;background_background&quot;:&quot;classic&quot;}\">\n\t\t\t\t<div class=\"elementor-element elementor-element-9bbe522 elementor-widget elementor-widget-woocommerce-breadcrumb\" data-id=\"9bbe522\" data-element_type=\"widget\" data-e-type=\"widget\" data-widget_type=\"woocommerce-breadcrumb.default\">\n\t\t\t\t<div class=\"elementor-widget-container\">\n\t\t\t\t\t<nav class=\"woocommerce-breadcrumb\" aria-label=\"Breadcrumb\">Ana Sayfa<\/nav>\t\t\t\t<\/div>\n\t\t\t\t<\/div>\n\t\t\t\t<\/div>\n\t\t\t\t<section class=\"elementor-section elementor-top-section elementor-element elementor-element-4fe2c89 elementor-section-stretched section animated-slow elementor-section-boxed elementor-section-height-default elementor-section-height-default\" data-id=\"4fe2c89\" data-element_type=\"section\" data-e-type=\"section\" data-settings=\"{&quot;background_background&quot;:&quot;classic&quot;,&quot;animation&quot;:&quot;none&quot;,&quot;stretch_section&quot;:&quot;section-stretched&quot;,&quot;motion_fx_motion_fx_scrolling&quot;:&quot;yes&quot;,&quot;motion_fx_scale_effect&quot;:&quot;yes&quot;,&quot;motion_fx_scale_speed&quot;:{&quot;unit&quot;:&quot;px&quot;,&quot;size&quot;:-1,&quot;sizes&quot;:[]},&quot;motion_fx_scale_range&quot;:{&quot;unit&quot;:&quot;%&quot;,&quot;size&quot;:&quot;&quot;,&quot;sizes&quot;:{&quot;start&quot;:23,&quot;end&quot;:67}},&quot;motion_fx_range&quot;:&quot;page&quot;,&quot;motion_fx_scale_direction&quot;:&quot;out-in&quot;,&quot;motion_fx_devices&quot;:[&quot;desktop&quot;,&quot;laptop&quot;,&quot;tablet_extra&quot;,&quot;tablet&quot;,&quot;mobile_extra&quot;,&quot;mobile&quot;]}\">\n\t\t\t\t\t\t<div class=\"elementor-container elementor-column-gap-default\">\n\t\t\t\t\t<div class=\"elementor-column elementor-col-100 elementor-top-column elementor-element elementor-element-2f3f132\" data-id=\"2f3f132\" data-element_type=\"column\" data-e-type=\"column\">\n\t\t\t<div class=\"elementor-widget-wrap elementor-element-populated\">\n\t\t\t\t\t\t<div class=\"elementor-section elementor-inner-section elementor-element elementor-element-f448fb3 elementor-section-boxed elementor-section-height-default elementor-section-height-default\" data-id=\"f448fb3\" data-element_type=\"section\" data-e-type=\"section\">\n\t\t\t\t\t\t<div class=\"elementor-container elementor-column-gap-default\">\n\t\t\t\t\t<div class=\"elementor-column elementor-col-100 elementor-inner-column elementor-element elementor-element-abc5e01\" data-id=\"abc5e01\" data-element_type=\"column\" data-e-type=\"column\">\n\t\t\t<div class=\"elementor-widget-wrap elementor-element-populated\">\n\t\t\t\t\t\t<div class=\"elementor-element elementor-element-ae56964 elementor-widget elementor-widget-heading\" data-id=\"ae56964\" data-element_type=\"widget\" data-e-type=\"widget\" data-widget_type=\"heading.default\">\n\t\t\t\t<div class=\"elementor-widget-container\">\n\t\t\t\t\t<p class=\"elementor-heading-title elementor-size-default\">Robiwood; It offers fun and unique play groups inspired by nature in order to increase our children's contact with nature. Thanks to our 30 years of experience in \nthe play set industry, we provide our children with organic materials and nature-friendly approach; We offer plastic-free, warm, sincere and different children's \nfairy tale villages.<\/p>\t\t\t\t<\/div>\n\t\t\t\t<\/div>\n\t\t\t\t\t<\/div>\n\t\t<\/div>\n\t\t\t\t\t<\/div>\n\t\t<\/div>\n\t\t\t\t<div class=\"elementor-section elementor-inner-section elementor-element elementor-element-1a327a3 elementor-section-boxed elementor-section-height-default elementor-section-height-default\" data-id=\"1a327a3\" data-element_type=\"section\" data-e-type=\"section\" data-settings=\"{&quot;animation&quot;:&quot;none&quot;}\">\n\t\t\t\t\t\t<div class=\"elementor-container elementor-column-gap-default\">\n\t\t\t\t\t<div class=\"elementor-column elementor-col-100 elementor-inner-column elementor-element elementor-element-fde2a49\" data-id=\"fde2a49\" data-element_type=\"column\" data-e-type=\"column\">\n\t\t\t<div class=\"elementor-widget-wrap elementor-element-populated\">\n\t\t\t\t\t\t<div class=\"elementor-element elementor-element-5d5233c elementor-widget elementor-widget-text-editor\" data-id=\"5d5233c\" data-element_type=\"widget\" data-e-type=\"widget\" data-widget_type=\"text-editor.default\">\n\t\t\t\t<div class=\"elementor-widget-container\">\n\t\t\t\t\t\t\t\t\t\t\t<div data-elementor-type=\"section\" data-elementor-id=\"16635\" class=\"elementor elementor-16635\" data-elementor-post-type=\"elementor_library\">\n\t\t\t<div class=\"elementor-element elementor-element-ae3568a e-flex e-con-boxed e-con e-parent\" data-id=\"ae3568a\" data-element_type=\"container\" data-e-type=\"container\">\n\t\t\t\t\t<div class=\"e-con-inner\">\n\t\t\t\t<div class=\"elementor-element elementor-element-c27bdf3 elementor-widget elementor-widget-toggle\" data-id=\"c27bdf3\" data-element_type=\"widget\" data-e-type=\"widget\" data-widget_type=\"toggle.default\">\n\t\t\t\t<div class=\"elementor-widget-container\">\n\t\t\t\t\t\t\t<div class=\"elementor-toggle\">\n\t\t\t\t\t\t\t<div class=\"elementor-toggle-item\">\n\t\t\t\t\t<div id=\"elementor-tab-title-2031\" class=\"elementor-tab-title\" data-tab=\"1\" role=\"button\" aria-controls=\"elementor-tab-content-2031\" aria-expanded=\"false\">\n\t\t\t\t\t\t\t\t\t\t\t\t<span class=\"elementor-toggle-icon elementor-toggle-icon-left\" aria-hidden=\"true\">\n\t\t\t\t\t\t\t\t\t\t\t\t\t\t\t<span class=\"elementor-toggle-icon-closed\"><i class=\"fas fa-caret-right\"><\/i><\/span>\n\t\t\t\t\t\t\t\t<span class=\"elementor-toggle-icon-opened\"><i class=\"elementor-toggle-icon-opened fas fa-caret-up\"><\/i><\/span>\n\t\t\t\t\t\t\t\t\t\t\t\t\t<\/span>\n\t\t\t\t\t\t\t\t\t\t\t\t<a class=\"elementor-toggle-title\" tabindex=\"0\">Robiwood \u00fcr\u00fcnleri nerede ve kimler taraf\u0131ndan tasarlanmaktad\u0131r?<\/a>\n\t\t\t\t\t<\/div>\n\n\t\t\t\t\t<div id=\"elementor-tab-content-2031\" class=\"elementor-tab-content elementor-clearfix\" data-tab=\"1\" role=\"region\" aria-labelledby=\"elementor-tab-title-2031\">Firmam\u0131z Robiwood \u00fcr\u00fcnlerini T\u00fcrkiye&rsquo;de \u0130stanbul ve Kocaeli&rsquo;de bulunan 5.600 m2&rsquo;lik \u00fcretim tesislerinde kendi deneyimli tasar\u0131mc\u0131 ve teknisyenlerimiz taraf\u0131ndan \u00fcretmekte ve d\u00fcnyan\u0131n bir\u00e7ok \u00fclkesine satmaktad\u0131r.\n\n<\/div>\n\t\t\t\t<\/div>\n\t\t\t\t\t\t\t<div class=\"elementor-toggle-item\">\n\t\t\t\t\t<div id=\"elementor-tab-title-2032\" class=\"elementor-tab-title\" data-tab=\"2\" role=\"button\" aria-controls=\"elementor-tab-content-2032\" aria-expanded=\"false\">\n\t\t\t\t\t\t\t\t\t\t\t\t<span class=\"elementor-toggle-icon elementor-toggle-icon-left\" aria-hidden=\"true\">\n\t\t\t\t\t\t\t\t\t\t\t\t\t\t\t<span class=\"elementor-toggle-icon-closed\"><i class=\"fas fa-caret-right\"><\/i><\/span>\n\t\t\t\t\t\t\t\t<span class=\"elementor-toggle-icon-opened\"><i class=\"elementor-toggle-icon-opened fas fa-caret-up\"><\/i><\/span>\n\t\t\t\t\t\t\t\t\t\t\t\t\t<\/span>\n\t\t\t\t\t\t\t\t\t\t\t\t<a class=\"elementor-toggle-title\" tabindex=\"0\">Robiwood \u00fcr\u00fcnlerini di\u011fer rakiplerinden ay\u0131ran nedir?<\/a>\n\t\t\t\t\t<\/div>\n\n\t\t\t\t\t<div id=\"elementor-tab-content-2032\" class=\"elementor-tab-content elementor-clearfix\" data-tab=\"2\" role=\"region\" aria-labelledby=\"elementor-tab-title-2032\">Robiwood \u00fcr\u00fcnlerinin her par\u00e7as\u0131 A&rsquo;dan Z&rsquo;ye piyasadaki en kaliteli hammaddeler kullan\u0131larak \u00fcretilmektedir. Sekt\u00f6rdeki 20 y\u0131ll\u0131k tecr\u00fcbemiz ile \u00e7ocuklar\u0131n g\u00fcvenli\u011fi en \u00fcst d\u00fczeyde d\u00fc\u015f\u00fcn\u00fclmektedir. T\u00fcm detaylar uzman ekibimiz taraf\u0131ndan en ince detay\u0131 d\u00fc\u015f\u00fcn\u00fclerek \u00fcretilir. Maksimum fayda i\u00e7in akasya a\u011fac\u0131n\u0131n en \u00f6nemli \u00f6zelli\u011fi olan d\u00fczensiz formlardan olabildi\u011fince faydalanarak iddial\u0131 tasar\u0131mlar yaratmak m\u00fcmk\u00fcnd\u00fcr. \n\n<\/div>\n\t\t\t\t<\/div>\n\t\t\t\t\t\t\t<div class=\"elementor-toggle-item\">\n\t\t\t\t\t<div id=\"elementor-tab-title-2033\" class=\"elementor-tab-title\" data-tab=\"3\" role=\"button\" aria-controls=\"elementor-tab-content-2033\" aria-expanded=\"false\">\n\t\t\t\t\t\t\t\t\t\t\t\t<span class=\"elementor-toggle-icon elementor-toggle-icon-left\" aria-hidden=\"true\">\n\t\t\t\t\t\t\t\t\t\t\t\t\t\t\t<span class=\"elementor-toggle-icon-closed\"><i class=\"fas fa-caret-right\"><\/i><\/span>\n\t\t\t\t\t\t\t\t<span class=\"elementor-toggle-icon-opened\"><i class=\"elementor-toggle-icon-opened fas fa-caret-up\"><\/i><\/span>\n\t\t\t\t\t\t\t\t\t\t\t\t\t<\/span>\n\t\t\t\t\t\t\t\t\t\t\t\t<a class=\"elementor-toggle-title\" tabindex=\"0\">Robiwood oyun alanlar\u0131 g\u00fcvenli mi ve \u00fcretimde uluslararas\u0131 standartlara sahip misiniz?<\/a>\n\t\t\t\t\t<\/div>\n\n\t\t\t\t\t<div id=\"elementor-tab-content-2033\" class=\"elementor-tab-content elementor-clearfix\" data-tab=\"3\" role=\"region\" aria-labelledby=\"elementor-tab-title-2033\"><p><br \/>Evet, Robiwood robinia \u00e7ocuk oyun parklar\u0131 ve oyun ekipmanlar\u0131 EN 1176 Avrupa ve ASTM normlar\u0131na uygun olarak \u00fcretilmektedir. Uluslararas\u0131 kabul g\u00f6rm\u00fc\u015f kontrol y\u00f6ntemleri ile son kontrolleri yap\u0131ld\u0131ktan sonra devreye al\u0131n\u0131r.<\/p><\/div>\n\t\t\t\t<\/div>\n\t\t\t\t\t\t\t<div class=\"elementor-toggle-item\">\n\t\t\t\t\t<div id=\"elementor-tab-title-2034\" class=\"elementor-tab-title\" data-tab=\"4\" role=\"button\" aria-controls=\"elementor-tab-content-2034\" aria-expanded=\"false\">\n\t\t\t\t\t\t\t\t\t\t\t\t<span class=\"elementor-toggle-icon elementor-toggle-icon-left\" aria-hidden=\"true\">\n\t\t\t\t\t\t\t\t\t\t\t\t\t\t\t<span class=\"elementor-toggle-icon-closed\"><i class=\"fas fa-caret-right\"><\/i><\/span>\n\t\t\t\t\t\t\t\t<span class=\"elementor-toggle-icon-opened\"><i class=\"elementor-toggle-icon-opened fas fa-caret-up\"><\/i><\/span>\n\t\t\t\t\t\t\t\t\t\t\t\t\t<\/span>\n\t\t\t\t\t\t\t\t\t\t\t\t<a class=\"elementor-toggle-title\" tabindex=\"0\">\u00dcr\u00fcnlerde kullan\u0131lan boyalar ve hammaddeler \u00e7ocuk sa\u011fl\u0131\u011f\u0131 i\u00e7in herhangi bir tehlike olu\u015fturuyor mu?<\/a>\n\t\t\t\t\t<\/div>\n\n\t\t\t\t\t<div id=\"elementor-tab-content-2034\" class=\"elementor-tab-content elementor-clearfix\" data-tab=\"4\" role=\"region\" aria-labelledby=\"elementor-tab-title-2034\"><p>Hay\u0131r, robinia \u00e7ocuk oyun parklar\u0131 ve outdoor fitness aletlerinde kullan\u0131lan t\u00fcm boyalar ve hammaddeler insan ve \u00e7ocuk sa\u011fl\u0131\u011f\u0131na zarars\u0131z oldu\u011funa dair test raporlar\u0131 al\u0131nd\u0131ktan sonra kullan\u0131lmaktad\u0131r.<\/p><\/div>\n\t\t\t\t<\/div>\n\t\t\t\t\t\t\t<div class=\"elementor-toggle-item\">\n\t\t\t\t\t<div id=\"elementor-tab-title-2035\" class=\"elementor-tab-title\" data-tab=\"5\" role=\"button\" aria-controls=\"elementor-tab-content-2035\" aria-expanded=\"false\">\n\t\t\t\t\t\t\t\t\t\t\t\t<span class=\"elementor-toggle-icon elementor-toggle-icon-left\" aria-hidden=\"true\">\n\t\t\t\t\t\t\t\t\t\t\t\t\t\t\t<span class=\"elementor-toggle-icon-closed\"><i class=\"fas fa-caret-right\"><\/i><\/span>\n\t\t\t\t\t\t\t\t<span class=\"elementor-toggle-icon-opened\"><i class=\"elementor-toggle-icon-opened fas fa-caret-up\"><\/i><\/span>\n\t\t\t\t\t\t\t\t\t\t\t\t\t<\/span>\n\t\t\t\t\t\t\t\t\t\t\t\t<a class=\"elementor-toggle-title\" tabindex=\"0\">Ah\u015fap oyun park\u0131 imalatlar\u0131nda neden \u00e7am veya benzeri a\u011fa\u00e7 yerine Akasya a\u011fac\u0131n\u0131 tercih etmeliyim?<\/a>\n\t\t\t\t\t<\/div>\n\n\t\t\t\t\t<div id=\"elementor-tab-content-2035\" class=\"elementor-tab-content elementor-clearfix\" data-tab=\"5\" role=\"region\" aria-labelledby=\"elementor-tab-title-2035\"><p>\u00c7\u00fcnk\u00fc akasya a\u011fac\u0131 \u00e7ok sert ve dayan\u0131kl\u0131d\u0131r. Nem ve hava ko\u015fullar\u0131ndan etkilenmemek i\u00e7in \u00e7am ve benzeri malzemelerde kullan\u0131lmas\u0131 zorunlu olan emprenye ve benzeri zehir i\u00e7eren koruyucu kimyasallar\u0131n kullan\u0131lmas\u0131na gerek yoktur.<\/p><p>\u00c7am a\u011fac\u0131nda olmayan organik ve trapez formlar\u0131 sayesinde oyun alanlar\u0131na en \u00e7ok yak\u0131\u015fan malzemedir.<\/p><\/div>\n\t\t\t\t<\/div>\n\t\t\t\t\t\t\t<div class=\"elementor-toggle-item\">\n\t\t\t\t\t<div id=\"elementor-tab-title-2036\" class=\"elementor-tab-title\" data-tab=\"6\" role=\"button\" aria-controls=\"elementor-tab-content-2036\" aria-expanded=\"false\">\n\t\t\t\t\t\t\t\t\t\t\t\t<span class=\"elementor-toggle-icon elementor-toggle-icon-left\" aria-hidden=\"true\">\n\t\t\t\t\t\t\t\t\t\t\t\t\t\t\t<span class=\"elementor-toggle-icon-closed\"><i class=\"fas fa-caret-right\"><\/i><\/span>\n\t\t\t\t\t\t\t\t<span class=\"elementor-toggle-icon-opened\"><i class=\"elementor-toggle-icon-opened fas fa-caret-up\"><\/i><\/span>\n\t\t\t\t\t\t\t\t\t\t\t\t\t<\/span>\n\t\t\t\t\t\t\t\t\t\t\t\t<a class=\"elementor-toggle-title\" tabindex=\"0\">Robiwood \u00fcr\u00fcnlerini ham, ya\u011fs\u0131z ve boyas\u0131z olarak al\u0131p kullanabilir miyiz? Zaman i\u00e7inde boya gerektiriyor mu?<\/a>\n\t\t\t\t\t<\/div>\n\n\t\t\t\t\t<div id=\"elementor-tab-content-2036\" class=\"elementor-tab-content elementor-clearfix\" data-tab=\"6\" role=\"region\" aria-labelledby=\"elementor-tab-title-2036\">Yalanc\u0131 akasyadan \u00fcretilen \u00fcr\u00fcnler \u00f6zellikle Avrupa&rsquo;da herhangi bir boya ve ya\u011flama i\u015flemi yap\u0131lmadan kullan\u0131lmas\u0131 tercih edilmektedir. Bu \u015fekilde bile onlarca y\u0131l kullan\u0131labilir. Zamanla rengi griye d\u00f6ner ve rustik bir g\u00f6r\u00fcn\u00fcm kazan\u0131r. Ya\u011fl\u0131 boya ve boya tercih ediyorsan\u0131z, zamanla g\u00f6r\u00fcn\u00fcm\u00fcn\u00fc korumak i\u00e7in ya\u011flama i\u015flemi yapman\u0131zda fayda olacakt\u0131r.\n<\/div>\n\t\t\t\t<\/div>\n\t\t\t\t\t\t\t<div class=\"elementor-toggle-item\">\n\t\t\t\t\t<div id=\"elementor-tab-title-2037\" class=\"elementor-tab-title\" data-tab=\"7\" role=\"button\" aria-controls=\"elementor-tab-content-2037\" aria-expanded=\"false\">\n\t\t\t\t\t\t\t\t\t\t\t\t<span class=\"elementor-toggle-icon elementor-toggle-icon-left\" aria-hidden=\"true\">\n\t\t\t\t\t\t\t\t\t\t\t\t\t\t\t<span class=\"elementor-toggle-icon-closed\"><i class=\"fas fa-caret-right\"><\/i><\/span>\n\t\t\t\t\t\t\t\t<span class=\"elementor-toggle-icon-opened\"><i class=\"elementor-toggle-icon-opened fas fa-caret-up\"><\/i><\/span>\n\t\t\t\t\t\t\t\t\t\t\t\t\t<\/span>\n\t\t\t\t\t\t\t\t\t\t\t\t<a class=\"elementor-toggle-title\" tabindex=\"0\">\u00dcretti\u011finiz oyun gruplar\u0131 ve spor ekipmanlar\u0131 \u00e7evre dostu mu?<\/a>\n\t\t\t\t\t<\/div>\n\n\t\t\t\t\t<div id=\"elementor-tab-content-2037\" class=\"elementor-tab-content elementor-clearfix\" data-tab=\"7\" role=\"region\" aria-labelledby=\"elementor-tab-title-2037\">Evet, kulland\u0131\u011f\u0131m\u0131z t\u00fcm ah\u015fap malzemeler FSC Sertifikas\u0131na sahiptir. Kullan\u0131lan ekipmanlar\u0131n \u00e7o\u011fu geri d\u00f6n\u00fc\u015ft\u00fcr\u00fclebilir malzemelerden olu\u015fmaktad\u0131r. Oyun parklar\u0131nda \u00e7o\u011funlukla paslanmaz kullan\u0131ld\u0131\u011f\u0131 i\u00e7in plastik kullan\u0131m\u0131 minimum d\u00fczeydedir.<\/div>\n\t\t\t\t<\/div>\n\t\t\t\t\t\t\t\t<\/div>\n\t\t\t\t\t\t<\/div>\n\t\t\t\t<\/div>\n\t\t\t\t\t<\/div>\n\t\t\t\t<\/div>\n\t\t\t\t<\/div>\n\t\t\t\t\t\t\t\t\t\t<\/div>\n\t\t\t\t<\/div>\n\t\t\t\t\t<\/div>\n\t\t<\/div>\n\t\t\t\t\t<\/div>\n\t\t<\/div>\n\t\t\t\t\t<\/div>\n\t\t<\/div>\n\t\t\t\t\t<\/div>\n\t\t<\/section>\n\t\t\t\t<\/div>\n\t\t","protected":false},"excerpt":{"rendered":"<p>Robiwood; \u00e7ocuklar\u0131m\u0131z\u0131n do\u011fa ile temas\u0131n\u0131 art\u0131rmak amac\u0131yla do\u011fadan ilham alan, e\u011flenceli ve e\u015fsiz oyun gruplar\u0131 sunmaktad\u0131r. 30 y\u0131ll\u0131k oyun grubu sekt\u00f6r\u00fc tecr\u00fcbemiz sayesinde, organik materyaller ve do\u011fa dostu yakla\u015f\u0131m ile \u00e7ocuklar\u0131m\u0131za; plastiksiz, s\u0131cak, i\u00e7ten ve birbirinden farkl\u0131 \u00e7ocuk masal k\u00f6yleri sunuyoruz.<\/p>\n","protected":false},"author":1,"featured_media":0,"parent":0,"menu_order":0,"comment_status":"closed","ping_status":"closed","template":"elementor_theme","meta":{"inline_featured_image":false,"footnotes":""},"class_list":["post-2707","page","type-page","status-publish","hentry"],"acf":[],"_links":{"self":[{"href":"https:\/\/robiwood.com\/tr\/wp-json\/wp\/v2\/pages\/2707","targetHints":{"allow":["GET"]}}],"collection":[{"href":"https:\/\/robiwood.com\/tr\/wp-json\/wp\/v2\/pages"}],"about":[{"href":"https:\/\/robiwood.com\/tr\/wp-json\/wp\/v2\/types\/page"}],"author":[{"embeddable":true,"href":"https:\/\/robiwood.com\/tr\/wp-json\/wp\/v2\/users\/1"}],"replies":[{"embeddable":true,"href":"https:\/\/robiwood.com\/tr\/wp-json\/wp\/v2\/comments?post=2707"}],"version-history":[{"count":0,"href":"https:\/\/robiwood.com\/tr\/wp-json\/wp\/v2\/pages\/2707\/revisions"}],"wp:attachment":[{"href":"https:\/\/robiwood.com\/tr\/wp-json\/wp\/v2\/media?parent=2707"}],"curies":[{"name":"wp","href":"https:\/\/api.w.org\/{rel}","templated":true}]}}