{"id":16094,"date":"2024-04-29T17:20:00","date_gmt":"2024-04-29T14:20:00","guid":{"rendered":"https:\/\/robiwood.com\/?page_id=16094"},"modified":"2026-02-01T18:26:11","modified_gmt":"2026-02-01T15:26:11","slug":"hakkimizda","status":"publish","type":"page","link":"https:\/\/robiwood.com\/tr\/hakkimizda\/","title":{"rendered":"Hakk\u0131m\u0131zda"},"content":{"rendered":"\t\t<div data-elementor-type=\"wp-page\" data-elementor-id=\"16094\" class=\"elementor elementor-16094\" data-elementor-post-type=\"page\">\n\t\t\t\t\t\t<section class=\"elementor-section elementor-top-section elementor-element elementor-element-721b44e section animated-slow elementor-section-boxed elementor-section-height-default elementor-section-height-default\" data-id=\"721b44e\" data-element_type=\"section\" data-e-type=\"section\" data-settings=\"{&quot;background_background&quot;:&quot;classic&quot;,&quot;motion_fx_motion_fx_scrolling&quot;:&quot;yes&quot;,&quot;motion_fx_scale_effect&quot;:&quot;yes&quot;,&quot;motion_fx_scale_speed&quot;:{&quot;unit&quot;:&quot;px&quot;,&quot;size&quot;:-1,&quot;sizes&quot;:[]},&quot;motion_fx_scale_range&quot;:{&quot;unit&quot;:&quot;%&quot;,&quot;size&quot;:&quot;&quot;,&quot;sizes&quot;:{&quot;start&quot;:51,&quot;end&quot;:100}},&quot;motion_fx_range&quot;:&quot;page&quot;,&quot;animation&quot;:&quot;none&quot;,&quot;motion_fx_scale_direction&quot;:&quot;out-in&quot;,&quot;motion_fx_devices&quot;:[&quot;desktop&quot;,&quot;laptop&quot;,&quot;tablet_extra&quot;,&quot;tablet&quot;,&quot;mobile_extra&quot;,&quot;mobile&quot;]}\">\n\t\t\t\t\t\t\t<div class=\"elementor-background-overlay\"><\/div>\n\t\t\t\t\t\t\t<div class=\"elementor-container elementor-column-gap-default\">\n\t\t\t\t\t<div class=\"elementor-column elementor-col-100 elementor-top-column elementor-element elementor-element-97efe35\" data-id=\"97efe35\" data-element_type=\"column\" data-e-type=\"column\">\n\t\t\t<div class=\"elementor-widget-wrap elementor-element-populated\">\n\t\t\t\t<div class=\"elementor-element elementor-element-e31f866 e-flex e-con-boxed e-con e-parent\" data-id=\"e31f866\" data-element_type=\"container\" data-e-type=\"container\">\n\t\t\t\t\t<div class=\"e-con-inner\">\n\t\t\t\t<div class=\"elementor-element elementor-element-5255c82 elementor-widget elementor-widget-woocommerce-breadcrumb\" data-id=\"5255c82\" data-element_type=\"widget\" data-e-type=\"widget\" data-widget_type=\"woocommerce-breadcrumb.default\">\n\t\t\t\t<div class=\"elementor-widget-container\">\n\t\t\t\t\t<nav class=\"woocommerce-breadcrumb\" aria-label=\"Breadcrumb\">Ana Sayfa<\/nav>\t\t\t\t<\/div>\n\t\t\t\t<\/div>\n\t\t\t\t<div class=\"elementor-element elementor-element-5a0de5d elementor-widget elementor-widget-image\" data-id=\"5a0de5d\" data-element_type=\"widget\" data-e-type=\"widget\" data-widget_type=\"image.default\">\n\t\t\t\t<div class=\"elementor-widget-container\">\n\t\t\t\t\t\t\t\t\t\t\t\t\t\t\t<img fetchpriority=\"high\" fetchpriority=\"high\" decoding=\"async\" width=\"900\" height=\"900\" src=\"https:\/\/robiwood.com\/wp-content\/uploads\/2023\/12\/Aslipark-logo.svg\" class=\"attachment-large size-large wp-image-9290 inwp-archive-product-image\" alt=\"\" \/>\t\t\t\t\t\t\t\t\t\t\t\t\t\t\t<\/div>\n\t\t\t\t<\/div>\n\t\t\t\t\t<\/div>\n\t\t\t\t<\/div>\n\t\t<div class=\"elementor-element elementor-element-984ea0f e-con-full e-flex e-con e-parent\" data-id=\"984ea0f\" data-element_type=\"container\" data-e-type=\"container\">\n\t\t\t\t<div class=\"elementor-element elementor-element-d142527 elementor-widget elementor-widget-heading\" data-id=\"d142527\" data-element_type=\"widget\" data-e-type=\"widget\" data-widget_type=\"heading.default\">\n\t\t\t\t<div class=\"elementor-widget-container\">\n\t\t\t\t\t<h2 class=\"elementor-heading-title elementor-size-default\">ABOUT US<\/h2>\t\t\t\t<\/div>\n\t\t\t\t<\/div>\n\t\t\t\t<div class=\"elementor-element elementor-element-5518140 elementor-widget elementor-widget-text-editor\" data-id=\"5518140\" data-element_type=\"widget\" data-e-type=\"widget\" data-widget_type=\"text-editor.default\">\n\t\t\t\t<div class=\"elementor-widget-container\">\n\t\t\t\t\t\t\t\t\t<p>\u015eirketimiz, Asl\u0131park \u00c7evre Tasar\u0131m b\u00fcnyesinde bulunan Robiwood ve Doapark markalar\u0131yla, \u00fcretim ihtiya\u00e7lar\u0131n\u0131 kar\u015f\u0131layabilen donan\u0131ml\u0131 bir m\u00fchendislik \u015firketidir. 1993 y\u0131l\u0131nda Doapark markas\u0131yla ba\u015flad\u0131\u011f\u0131m\u0131z ba\u015far\u0131l\u0131 ser\u00fcvenimizi ve edindi\u011fimiz de\u011ferli deneyimleri, 2015 y\u0131l\u0131nda Robiwood markas\u0131n\u0131 hayata ge\u00e7irerek devam ettik. Robiwood, do\u011fadan ilham alarak projelerine tabiattan esintiler katarak masals\u0131 bir yolculu\u011fa \u00e7\u0131kmaktad\u0131r. Tasar\u0131mdan sevkiyata kadar her a\u015famada kalite, g\u00fcvenilirlik ve \u00e7evre dostu \u00fcretim \u00f6ncelikli prensiplerimizdendir. Plastik kullanmadan do\u011fal dokularla oyun alanlar\u0131 tasarlamay\u0131 ama\u00e7layan Robiwood, robinya a\u011fac\u0131n\u0131n do\u011fal yap\u0131s\u0131n\u0131 koruyarak el i\u015f\u00e7ili\u011fiyle \u015fekillendirir ve \u00e7ocuklara renkli peri masallar\u0131 sunar. Her bir \u00fcr\u00fcn\u00fcm\u00fcz, i\u00e7inde ta\u015f\u0131d\u0131\u011f\u0131 do\u011fal esintilerle \u00e7ocuklara ve ailelere do\u011fayla i\u00e7 i\u00e7e ge\u00e7irecekleri anlar ya\u015fat\u0131r.<\/p>\t\t\t\t\t\t\t\t<\/div>\n\t\t\t\t<\/div>\n\t\t<div class=\"elementor-element elementor-element-31b41a4 e-grid e-con-boxed e-con e-child\" data-id=\"31b41a4\" data-element_type=\"container\" data-e-type=\"container\">\n\t\t\t\t\t<div class=\"e-con-inner\">\n\t\t\t\t<div class=\"elementor-element elementor-element-556e3e4 elementor-widget elementor-widget-image\" data-id=\"556e3e4\" data-element_type=\"widget\" data-e-type=\"widget\" data-widget_type=\"image.default\">\n\t\t\t\t<div class=\"elementor-widget-container\">\n\t\t\t\t\t\t\t\t\t\t\t\t\t\t\t<img decoding=\"async\" width=\"900\" height=\"900\" src=\"https:\/\/robiwood.com\/wp-content\/uploads\/2023\/12\/Robiwood-Logo.svg\" class=\"attachment-large size-large wp-image-9292 inwp-archive-product-image\" alt=\"\" \/>\t\t\t\t\t\t\t\t\t\t\t\t\t\t\t<\/div>\n\t\t\t\t<\/div>\n\t\t\t\t<div class=\"elementor-element elementor-element-7d9168a elementor-widget elementor-widget-image\" data-id=\"7d9168a\" data-element_type=\"widget\" data-e-type=\"widget\" data-widget_type=\"image.default\">\n\t\t\t\t<div class=\"elementor-widget-container\">\n\t\t\t\t\t\t\t\t\t\t\t\t\t\t\t<img loading=\"lazy\" decoding=\"async\" width=\"250\" height=\"250\" src=\"https:\/\/robiwood.com\/wp-content\/uploads\/2023\/12\/doa.webp\" class=\"attachment-large size-large wp-image-9275 inwp-archive-product-image\" alt=\"\" srcset=\"https:\/\/robiwood.com\/wp-content\/uploads\/2023\/12\/doa.webp 250w, https:\/\/robiwood.com\/wp-content\/uploads\/2023\/12\/doa-100x100.webp 100w, https:\/\/robiwood.com\/wp-content\/uploads\/2023\/12\/doa-150x150.webp 150w\" sizes=\"(max-width: 250px) 100vw, 250px\" \/>\t\t\t\t\t\t\t\t\t\t\t\t\t\t\t<\/div>\n\t\t\t\t<\/div>\n\t\t\t\t\t<\/div>\n\t\t\t\t<\/div>\n\t\t\t\t<\/div>\n\t\t\t\t\t<\/div>\n\t\t<\/div>\n\t\t\t\t\t<\/div>\n\t\t<\/section>\n\t\t\t\t<\/div>\n\t\t","protected":false},"excerpt":{"rendered":"<p>HAKKIMIZDA \u015eirketimiz, Asl\u0131park \u00c7evre Tasar\u0131m b\u00fcnyesinde bulunan Robiwood ve Doapark markalar\u0131yla, \u00fcretim ihtiya\u00e7lar\u0131n\u0131 kar\u015f\u0131layabilen donan\u0131ml\u0131 bir m\u00fchendislik \u015firketidir. 1993 y\u0131l\u0131nda Doapark markas\u0131yla ba\u015flad\u0131\u011f\u0131m\u0131z ba\u015far\u0131l\u0131 ser\u00fcvenimizi ve edindi\u011fimiz de\u011ferli deneyimleri, 2015 y\u0131l\u0131nda Robiwood markas\u0131n\u0131 hayata ge\u00e7irerek devam ettik. Robiwood, do\u011fadan ilham alarak projelerine tabiattan esintiler katarak masals\u0131 bir yolculu\u011fa \u00e7\u0131kmaktad\u0131r. Tasar\u0131mdan sevkiyata kadar her a\u015famada kalite, [&hellip;]<\/p>\n","protected":false},"author":1,"featured_media":0,"parent":0,"menu_order":0,"comment_status":"closed","ping_status":"closed","template":"tmpl\/template-fullwidth.php","meta":{"inline_featured_image":false,"footnotes":""},"class_list":["post-16094","page","type-page","status-publish","hentry"],"acf":[],"_links":{"self":[{"href":"https:\/\/robiwood.com\/tr\/wp-json\/wp\/v2\/pages\/16094","targetHints":{"allow":["GET"]}}],"collection":[{"href":"https:\/\/robiwood.com\/tr\/wp-json\/wp\/v2\/pages"}],"about":[{"href":"https:\/\/robiwood.com\/tr\/wp-json\/wp\/v2\/types\/page"}],"author":[{"embeddable":true,"href":"https:\/\/robiwood.com\/tr\/wp-json\/wp\/v2\/users\/1"}],"replies":[{"embeddable":true,"href":"https:\/\/robiwood.com\/tr\/wp-json\/wp\/v2\/comments?post=16094"}],"version-history":[{"count":2,"href":"https:\/\/robiwood.com\/tr\/wp-json\/wp\/v2\/pages\/16094\/revisions"}],"predecessor-version":[{"id":21333,"href":"https:\/\/robiwood.com\/tr\/wp-json\/wp\/v2\/pages\/16094\/revisions\/21333"}],"wp:attachment":[{"href":"https:\/\/robiwood.com\/tr\/wp-json\/wp\/v2\/media?parent=16094"}],"curies":[{"name":"wp","href":"https:\/\/api.w.org\/{rel}","templated":true}]}}