{"id":8622,"date":"2023-12-14T13:01:06","date_gmt":"2023-12-14T10:01:06","guid":{"rendered":"https:\/\/eronyazilim.com.tr\/?post_type=product&#038;p=8622"},"modified":"2024-12-17T09:39:54","modified_gmt":"2024-12-17T06:39:54","slug":"anne-cocuk-salincagi","status":"publish","type":"product","link":"https:\/\/robiwood.com\/fr\/product\/balancoire-pour-parents-et-bebes\/","title":{"rendered":" Balan\u00e7oire pour parents et b\u00e9b\u00e9s"},"content":{"rendered":"","protected":false},"excerpt":{"rendered":"","protected":false},"featured_media":20018,"template":"","meta":{"inline_featured_image":false},"product_brand":[],"product_cat":[75,126],"product_tag":[152,105,149,155,153],"class_list":{"0":"post-8622","1":"product","2":"type-product","3":"status-publish","4":"has-post-thumbnail","6":"product_cat-robi-play","7":"product_cat-equipements-de-jeu-autonomes","8":"product_tag-akasya-oyun-gruplari","9":"product_tag-akasya-temali-oyun-alani","10":"product_tag-oyun-gruplari","11":"product_tag-paslanmaz","12":"product_tag-playground","13":"pa_kritik-dusme-yuksekligi-1-5m","14":"pa_kullanici-sayisi-1-2","15":"pa_renkler-deniz","16":"pa_renkler-natural","17":"pa_yas-grubu-2-5","19":"first","20":"instock","21":"shipping-taxable","22":"purchasable","23":"product-type-variable","24":"has-default-attributes"},"acf":[],"_links":{"self":[{"href":"https:\/\/robiwood.com\/fr\/wp-json\/wp\/v2\/product\/8622","targetHints":{"allow":["GET"]}}],"collection":[{"href":"https:\/\/robiwood.com\/fr\/wp-json\/wp\/v2\/product"}],"about":[{"href":"https:\/\/robiwood.com\/fr\/wp-json\/wp\/v2\/types\/product"}],"wp:featuredmedia":[{"embeddable":true,"href":"https:\/\/robiwood.com\/fr\/wp-json\/wp\/v2\/media\/20018"}],"wp:attachment":[{"href":"https:\/\/robiwood.com\/fr\/wp-json\/wp\/v2\/media?parent=8622"}],"wp:term":[{"taxonomy":"product_brand","embeddable":true,"href":"https:\/\/robiwood.com\/fr\/wp-json\/wp\/v2\/product_brand?post=8622"},{"taxonomy":"product_cat","embeddable":true,"href":"https:\/\/robiwood.com\/fr\/wp-json\/wp\/v2\/product_cat?post=8622"},{"taxonomy":"product_tag","embeddable":true,"href":"https:\/\/robiwood.com\/fr\/wp-json\/wp\/v2\/product_tag?post=8622"}],"curies":[{"name":"wp","href":"https:\/\/api.w.org\/{rel}","templated":true}]}}