{"id":10403,"date":"2024-02-07T12:43:09","date_gmt":"2024-02-07T09:43:09","guid":{"rendered":"https:\/\/robiwood.com\/?post_type=product&#038;p=10403"},"modified":"2026-02-01T19:17:38","modified_gmt":"2026-02-01T16:17:38","slug":"step-40cm","status":"publish","type":"product","link":"https:\/\/robiwood.com\/fr\/product\/step-40cm\/","title":{"rendered":"STEP 40CM"},"content":{"rendered":"\t\t<div data-elementor-type=\"wp-post\" data-elementor-id=\"10403\" class=\"elementor elementor-10403\" data-elementor-post-type=\"product\">\n\t\t\t\t<div class=\"elementor-element elementor-element-7721b703 e-flex e-con-boxed e-con e-parent\" data-id=\"7721b703\" data-element_type=\"container\" data-e-type=\"container\">\n\t\t\t\t\t<div class=\"e-con-inner\">\n\t\t\t\t<div class=\"elementor-element elementor-element-2993817 elementor-headline--style-highlight elementor-widget elementor-widget-animated-headline\" data-id=\"2993817\" data-element_type=\"widget\" data-e-type=\"widget\" data-settings=\"{&quot;highlighted_text&quot;:&quot;oyun grubu&quot;,&quot;marker&quot;:&quot;underline_zigzag&quot;,&quot;headline_style&quot;:&quot;highlight&quot;,&quot;loop&quot;:&quot;yes&quot;,&quot;highlight_animation_duration&quot;:1200,&quot;highlight_iteration_delay&quot;:8000}\" data-widget_type=\"animated-headline.default\">\n\t\t\t\t<div class=\"elementor-widget-container\">\n\t\t\t\t\t\t\t<h3 class=\"elementor-headline\">\n\t\t\t\t\t<span class=\"elementor-headline-plain-text elementor-headline-text-wrapper\">\u00c7ift Kayd\u0131rakl\u0131 K\u00f6pr\u00fcl\u00fc \u0130ki Kuleli Oyun Grubu<\/span>\n\t\t\t\t<span class=\"elementor-headline-dynamic-wrapper elementor-headline-text-wrapper\">\n\t\t\t\t\t<span class=\"elementor-headline-dynamic-text elementor-headline-text-active\">oyun grubu<\/span>\n\t\t\t\t<\/span>\n\t\t\t\t<\/h3>\n\t\t\t\t\t\t<\/div>\n\t\t\t\t<\/div>\n\t\t\t\t\t<\/div>\n\t\t\t\t<\/div>\n\t\t<div class=\"elementor-element elementor-element-6ccdf17 e-flex e-con-boxed e-con e-parent\" data-id=\"6ccdf17\" data-element_type=\"container\" data-e-type=\"container\">\n\t\t\t\t\t<div class=\"e-con-inner\">\n\t\t<div class=\"elementor-element elementor-element-596c28f e-con-full e-flex e-con e-child\" data-id=\"596c28f\" data-element_type=\"container\" data-e-type=\"container\">\n\t\t\t\t<div class=\"elementor-element elementor-element-cf06687 animated-slow elementor-invisible elementor-widget elementor-widget-image\" data-id=\"cf06687\" data-element_type=\"widget\" data-e-type=\"widget\" data-settings=\"{&quot;_animation&quot;:&quot;zoomIn&quot;}\" data-widget_type=\"image.default\">\n\t\t\t\t<div class=\"elementor-widget-container\">\n\t\t\t\t\t\t\t\t\t\t\t\t\t\t\t<img decoding=\"async\" src=\"https:\/\/robiwood.com\/wp-content\/uploads\/2023\/11\/DSC_0923-scaled.jpg\" title=\"\" alt=\"\" class=\"elementor-animation-float\" loading=\"lazy\" \/>\t\t\t\t\t\t\t\t\t\t\t\t\t\t\t<\/div>\n\t\t\t\t<\/div>\n\t\t\t\t<\/div>\n\t\t\t\t\t<\/div>\n\t\t\t\t<\/div>\n\t\t<div class=\"elementor-element elementor-element-4015c72 e-flex e-con-boxed e-con e-parent\" data-id=\"4015c72\" data-element_type=\"container\" data-e-type=\"container\" data-settings=\"{&quot;background_background&quot;:&quot;classic&quot;}\">\n\t\t\t\t\t<div class=\"e-con-inner\">\n\t\t\t\t<div class=\"elementor-element elementor-element-f3576fb elementor-invisible elementor-widget elementor-widget-text-editor\" data-id=\"f3576fb\" data-element_type=\"widget\" data-e-type=\"widget\" data-settings=\"{&quot;_animation&quot;:&quot;fadeInDown&quot;}\" data-widget_type=\"text-editor.default\">\n\t\t\t\t<div class=\"elementor-widget-container\">\n\t\t\t\t\t\t\t\t\t<p>\u201cDo\u011fa dostu oyun alanlar\u0131\u201d misyonuyla tasarlanan Robiwood \u00fcr\u00fcnlerinde, end\u00fcstriyel kullan\u0131m i\u00e7in yeti\u015ftirilen FSC onayl\u0131<br \/>a\u011fa\u00e7lar kullan\u0131lmaktad\u0131r. Bununla beraber, koruyucu malzeme olarak da yaln\u0131zca organik ya\u011flar kullanmaktay\u0131z.<\/p>\t\t\t\t\t\t\t\t<\/div>\n\t\t\t\t<\/div>\n\t\t<div class=\"elementor-element elementor-element-9f9071d e-flex e-con-boxed e-con e-child\" data-id=\"9f9071d\" data-element_type=\"container\" data-e-type=\"container\">\n\t\t\t\t\t<div class=\"e-con-inner\">\n\t\t<div class=\"elementor-element elementor-element-5338101 e-flex e-con-boxed e-con e-child\" data-id=\"5338101\" data-element_type=\"container\" data-e-type=\"container\">\n\t\t\t\t\t<div class=\"e-con-inner\">\n\t\t\t\t<div class=\"elementor-element elementor-element-bbe53c6 elementor-widget elementor-widget-heading\" data-id=\"bbe53c6\" data-element_type=\"widget\" data-e-type=\"widget\" data-widget_type=\"heading.default\">\n\t\t\t\t<div class=\"elementor-widget-container\">\n\t\t\t\t\t<h1 class=\"elementor-heading-title elementor-size-default\">ORGAN\u0130K \u00dcRET\u0130M<\/h1>\t\t\t\t<\/div>\n\t\t\t\t<\/div>\n\t\t\t\t<div class=\"elementor-element elementor-element-818b4e2 elementor-widget elementor-widget-text-editor\" data-id=\"818b4e2\" data-element_type=\"widget\" data-e-type=\"widget\" data-widget_type=\"text-editor.default\">\n\t\t\t\t<div class=\"elementor-widget-container\">\n\t\t\t\t\t\t\t\t\t<p><em>Orman, sahil, kamp alan\u0131 gibi do\u011fal b\u00f6lgelerdeki organik b\u00fct\u00fcnl\u00fc\u011f\u00fc bozmayan<\/em><br \/><em>oyun alanlar\u0131 in\u015fa ediyoruz.<\/em><\/p>\t\t\t\t\t\t\t\t<\/div>\n\t\t\t\t<\/div>\n\t\t\t\t<div class=\"elementor-element elementor-element-5a8e416 elementor-invisible elementor-widget elementor-widget-text-editor\" data-id=\"5a8e416\" data-element_type=\"widget\" data-e-type=\"widget\" data-settings=\"{&quot;_animation&quot;:&quot;fadeInDown&quot;}\" data-widget_type=\"text-editor.default\">\n\t\t\t\t<div class=\"elementor-widget-container\">\n\t\t\t\t\t\t\t\t\t<p>\u201cDo\u011fa dostu oyun alanlar\u0131\u201d misyonuyla tasarlanan Robiwood \u00fcr\u00fcnlerinde, end\u00fcstriyel kullan\u0131m i\u00e7in yeti\u015ftirilen FSC onayl\u0131<br \/>a\u011fa\u00e7lar kullan\u0131lmaktad\u0131r. Bununla beraber, koruyucu malzeme olarak da yaln\u0131zca organik ya\u011flar kullanmaktay\u0131z.<\/p>\t\t\t\t\t\t\t\t<\/div>\n\t\t\t\t<\/div>\n\t\t\t\t\t<\/div>\n\t\t\t\t<\/div>\n\t\t<div class=\"elementor-element elementor-element-c69bd0e e-con-full e-flex e-con e-child\" data-id=\"c69bd0e\" data-element_type=\"container\" data-e-type=\"container\">\n\t\t\t\t<div class=\"elementor-element elementor-element-03bb565 elementor-widget__width-initial elementor-widget elementor-widget-image\" data-id=\"03bb565\" data-element_type=\"widget\" data-e-type=\"widget\" data-widget_type=\"image.default\">\n\t\t\t\t<div class=\"elementor-widget-container\">\n\t\t\t\t\t\t\t\t\t\t\t\t\t\t\t<img fetchpriority=\"high\" fetchpriority=\"high\" decoding=\"async\" width=\"900\" height=\"675\" src=\"https:\/\/robiwood.com\/wp-content\/uploads\/2023\/10\/Robimini-Oyun-gruplari-1024x768.webp\" class=\"elementor-animation-float attachment-large size-large wp-image-4527 inwp-archive-product-image\" alt=\"\" srcset=\"https:\/\/robiwood.com\/wp-content\/uploads\/2023\/10\/Robimini-Oyun-gruplari-1024x768.webp 1024w, https:\/\/robiwood.com\/wp-content\/uploads\/2023\/10\/Robimini-Oyun-gruplari-600x450.webp 600w, https:\/\/robiwood.com\/wp-content\/uploads\/2023\/10\/Robimini-Oyun-gruplari-300x225.webp 300w, https:\/\/robiwood.com\/wp-content\/uploads\/2023\/10\/Robimini-Oyun-gruplari-768x576.webp 768w, https:\/\/robiwood.com\/wp-content\/uploads\/2023\/10\/Robimini-Oyun-gruplari-1536x1152.webp 1536w, https:\/\/robiwood.com\/wp-content\/uploads\/2023\/10\/Robimini-Oyun-gruplari.webp 1600w\" sizes=\"(max-width: 900px) 100vw, 900px\" \/>\t\t\t\t\t\t\t\t\t\t\t\t\t\t\t<\/div>\n\t\t\t\t<\/div>\n\t\t\t\t<\/div>\n\t\t<div class=\"elementor-element elementor-element-3d76ce1 e-con-full e-flex e-con e-child\" data-id=\"3d76ce1\" data-element_type=\"container\" data-e-type=\"container\">\n\t\t\t\t<div class=\"elementor-element elementor-element-76b0400 elementor-widget__width-initial elementor-widget elementor-widget-image\" data-id=\"76b0400\" data-element_type=\"widget\" data-e-type=\"widget\" data-widget_type=\"image.default\">\n\t\t\t\t<div class=\"elementor-widget-container\">\n\t\t\t\t\t\t\t\t\t\t\t\t\t\t\t<img decoding=\"async\" src=\"https:\/\/robiwood.com\/wp-content\/uploads\/2023\/11\/RBW2011-REVIZE_2-Photo.jpg\" title=\"\" alt=\"\" class=\"elementor-animation-float\" loading=\"lazy\" \/>\t\t\t\t\t\t\t\t\t\t\t\t\t\t\t<\/div>\n\t\t\t\t<\/div>\n\t\t\t\t<\/div>\n\t\t\t\t\t<\/div>\n\t\t\t\t<\/div>\n\t\t\t\t\t<\/div>\n\t\t\t\t<\/div>\n\t\t<div class=\"elementor-element elementor-element-923bf89 e-flex e-con-boxed e-con e-parent\" data-id=\"923bf89\" data-element_type=\"container\" data-e-type=\"container\">\n\t\t\t\t\t<div class=\"e-con-inner\">\n\t\t\t\t\t<\/div>\n\t\t\t\t<\/div>\n\t\t\t\t<\/div>\n\t\t","protected":false},"excerpt":{"rendered":"<p>\u00dcr\u00fcn k\u0131sa a\u00e7\u0131klamas\u0131<\/p>\n","protected":false},"featured_media":19819,"template":"","meta":{"inline_featured_image":false},"product_brand":[],"product_cat":[81],"product_tag":[152,157,149,151,155,153,148,150,158],"class_list":{"0":"post-10403","1":"product","2":"type-product","3":"status-publish","4":"has-post-thumbnail","6":"product_cat-robifit","7":"product_tag-akasya-oyun-gruplari","8":"product_tag-halat","9":"product_tag-oyun-gruplari","10":"product_tag-park","11":"product_tag-paslanmaz","12":"product_tag-playground","13":"product_tag-robimini-oyun-gruplari","14":"product_tag-salincak","15":"product_tag-tirmanma","16":"pa_kritik-dusme-yuksekligi-258","17":"pa_kullanici-sayisi-243","18":"pa_renkler-natural","19":"pa_yas-grubu-266","21":"first","22":"instock","23":"shipping-taxable","24":"purchasable","25":"product-type-variable","26":"has-default-attributes"},"acf":[],"_links":{"self":[{"href":"https:\/\/robiwood.com\/fr\/wp-json\/wp\/v2\/product\/10403","targetHints":{"allow":["GET"]}}],"collection":[{"href":"https:\/\/robiwood.com\/fr\/wp-json\/wp\/v2\/product"}],"about":[{"href":"https:\/\/robiwood.com\/fr\/wp-json\/wp\/v2\/types\/product"}],"wp:featuredmedia":[{"embeddable":true,"href":"https:\/\/robiwood.com\/fr\/wp-json\/wp\/v2\/media\/19819"}],"wp:attachment":[{"href":"https:\/\/robiwood.com\/fr\/wp-json\/wp\/v2\/media?parent=10403"}],"wp:term":[{"taxonomy":"product_brand","embeddable":true,"href":"https:\/\/robiwood.com\/fr\/wp-json\/wp\/v2\/product_brand?post=10403"},{"taxonomy":"product_cat","embeddable":true,"href":"https:\/\/robiwood.com\/fr\/wp-json\/wp\/v2\/product_cat?post=10403"},{"taxonomy":"product_tag","embeddable":true,"href":"https:\/\/robiwood.com\/fr\/wp-json\/wp\/v2\/product_tag?post=10403"}],"curies":[{"name":"wp","href":"https:\/\/api.w.org\/{rel}","templated":true}]}}