{"id":10468,"date":"2024-02-07T14:31:03","date_gmt":"2024-02-07T11:31:03","guid":{"rendered":"https:\/\/robiwood.com\/?post_type=product&#038;p=10468"},"modified":"2026-02-01T19:17:33","modified_gmt":"2026-02-01T16:17:33","slug":"dogal-bank-tip-b-2","status":"publish","type":"product","link":"https:\/\/robiwood.com\/en\/product\/natural-bank-type-b\/","title":{"rendered":"Natural-Bank-(Type B)"},"content":{"rendered":"\t\t<div data-elementor-type=\"wp-post\" data-elementor-id=\"10468\" class=\"elementor elementor-10468\" data-elementor-post-type=\"product\">\n\t\t\t\t<div class=\"elementor-element elementor-element-7721b703 e-flex e-con-boxed e-con e-parent\" data-id=\"7721b703\" data-element_type=\"container\" data-e-type=\"container\">\n\t\t\t\t\t<div class=\"e-con-inner\">\n\t\t\t\t<div class=\"elementor-element elementor-element-2993817 elementor-headline--style-highlight elementor-widget elementor-widget-animated-headline\" data-id=\"2993817\" data-element_type=\"widget\" data-e-type=\"widget\" data-settings=\"{&quot;highlighted_text&quot;:&quot;oyun grubu&quot;,&quot;headline_style&quot;:&quot;highlight&quot;,&quot;marker&quot;:&quot;circle&quot;,&quot;loop&quot;:&quot;yes&quot;,&quot;highlight_animation_duration&quot;:1200,&quot;highlight_iteration_delay&quot;:8000}\" data-widget_type=\"animated-headline.default\">\n\t\t\t\t<div class=\"elementor-widget-container\">\n\t\t\t\t\t\t\t<h3 class=\"elementor-headline\">\n\t\t\t\t\t<span class=\"elementor-headline-plain-text elementor-headline-text-wrapper\">\u00c7ift kuleli a\u011fa\u00e7 ev  <\/span>\n\t\t\t\t<span class=\"elementor-headline-dynamic-wrapper elementor-headline-text-wrapper\">\n\t\t\t\t\t<span class=\"elementor-headline-dynamic-text elementor-headline-text-active\">oyun grubu<\/span>\n\t\t\t\t<\/span>\n\t\t\t\t<\/h3>\n\t\t\t\t\t\t<\/div>\n\t\t\t\t<\/div>\n\t\t\t\t\t<\/div>\n\t\t\t\t<\/div>\n\t\t<div class=\"elementor-element elementor-element-4015c72 e-flex e-con-boxed e-con e-parent\" data-id=\"4015c72\" data-element_type=\"container\" data-e-type=\"container\" data-settings=\"{&quot;background_background&quot;:&quot;classic&quot;}\">\n\t\t\t\t\t<div class=\"e-con-inner\">\n\t\t\t\t<div class=\"elementor-element elementor-element-ad865b7 animated-slow elementor-invisible elementor-widget elementor-widget-image\" data-id=\"ad865b7\" data-element_type=\"widget\" data-e-type=\"widget\" data-settings=\"{&quot;_animation&quot;:&quot;zoomIn&quot;}\" data-widget_type=\"image.default\">\n\t\t\t\t<div class=\"elementor-widget-container\">\n\t\t\t\t\t\t\t\t\t\t\t\t\t\t\t<img fetchpriority=\"high\" fetchpriority=\"high\" decoding=\"async\" width=\"1200\" height=\"1600\" src=\"https:\/\/robiwood.com\/wp-content\/uploads\/2023\/10\/WhatsApp-Gorsel-2023-10-18-saat-14.15.12_1956b924.webp\" class=\"elementor-animation-float attachment-full size-full wp-image-4001 inwp-archive-product-image\" alt=\"\" srcset=\"https:\/\/robiwood.com\/wp-content\/uploads\/2023\/10\/WhatsApp-Gorsel-2023-10-18-saat-14.15.12_1956b924.webp 1200w, https:\/\/robiwood.com\/wp-content\/uploads\/2023\/10\/WhatsApp-Gorsel-2023-10-18-saat-14.15.12_1956b924-600x800.webp 600w, https:\/\/robiwood.com\/wp-content\/uploads\/2023\/10\/WhatsApp-Gorsel-2023-10-18-saat-14.15.12_1956b924-225x300.webp 225w, https:\/\/robiwood.com\/wp-content\/uploads\/2023\/10\/WhatsApp-Gorsel-2023-10-18-saat-14.15.12_1956b924-768x1024.webp 768w, https:\/\/robiwood.com\/wp-content\/uploads\/2023\/10\/WhatsApp-Gorsel-2023-10-18-saat-14.15.12_1956b924-1152x1536.webp 1152w\" sizes=\"(max-width: 1200px) 100vw, 1200px\" \/>\t\t\t\t\t\t\t\t\t\t\t\t\t\t\t<\/div>\n\t\t\t\t<\/div>\n\t\t\t\t<div class=\"elementor-element elementor-element-5b3f36d elementor-invisible elementor-widget elementor-widget-text-editor\" data-id=\"5b3f36d\" data-element_type=\"widget\" data-e-type=\"widget\" data-settings=\"{&quot;_animation&quot;:&quot;fadeInDown&quot;}\" data-widget_type=\"text-editor.default\">\n\t\t\t\t<div class=\"elementor-widget-container\">\n\t\t\t\t\t\t\t\t\t<p>Robiwood \u00fcr\u00fcnlerinde kullan\u0131lan Robinia Pseudoacacia(Akasya) a\u011fac\u0131, yap\u0131s\u0131 gere\u011fi do\u011fal koruyucu maddeler i\u00e7erdi\u011finden<br \/>dolay\u0131 \u00e7evreye ve insan sa\u011fl\u0131\u011f\u0131na zararl\u0131 kimyasal koruyucu maddelerle i\u015flem g\u00f6rmemektedir. \u201cDo\u011fa dostu oyun alanlar\u0131\u201d<br \/>misyonuyla tasarlanan Robiwood \u00fcr\u00fcnlerinde, \u201cminimum plastik\u201d politikas\u0131 uygulanmaktad\u0131r.<\/p>\t\t\t\t\t\t\t\t<\/div>\n\t\t\t\t<\/div>\n\t\t<div class=\"elementor-element elementor-element-9f9071d e-flex e-con-boxed e-con e-child\" data-id=\"9f9071d\" data-element_type=\"container\" data-e-type=\"container\">\n\t\t\t\t\t<div class=\"e-con-inner\">\n\t\t<div class=\"elementor-element elementor-element-5338101 e-flex e-con-boxed e-con e-child\" data-id=\"5338101\" data-element_type=\"container\" data-e-type=\"container\">\n\t\t\t\t\t<div class=\"e-con-inner\">\n\t\t\t\t<div class=\"elementor-element elementor-element-bbe53c6 elementor-widget elementor-widget-heading\" data-id=\"bbe53c6\" data-element_type=\"widget\" data-e-type=\"widget\" data-widget_type=\"heading.default\">\n\t\t\t\t<div class=\"elementor-widget-container\">\n\t\t\t\t\t<h1 class=\"elementor-heading-title elementor-size-default\">ORGAN\u0130K \u00dcRET\u0130M<\/h1>\t\t\t\t<\/div>\n\t\t\t\t<\/div>\n\t\t\t\t<div class=\"elementor-element elementor-element-818b4e2 elementor-widget elementor-widget-text-editor\" data-id=\"818b4e2\" data-element_type=\"widget\" data-e-type=\"widget\" data-widget_type=\"text-editor.default\">\n\t\t\t\t<div class=\"elementor-widget-container\">\n\t\t\t\t\t\t\t\t\t<p><em>Orman, sahil, kamp alan\u0131 gibi do\u011fal b\u00f6lgelerdeki organik b\u00fct\u00fcnl\u00fc\u011f\u00fc bozmayan<\/em><br \/><em>oyun alanlar\u0131 in\u015fa ediyoruz.<\/em><\/p>\t\t\t\t\t\t\t\t<\/div>\n\t\t\t\t<\/div>\n\t\t\t\t<div class=\"elementor-element elementor-element-5a8e416 elementor-invisible elementor-widget elementor-widget-text-editor\" data-id=\"5a8e416\" data-element_type=\"widget\" data-e-type=\"widget\" data-settings=\"{&quot;_animation&quot;:&quot;fadeInDown&quot;}\" data-widget_type=\"text-editor.default\">\n\t\t\t\t<div class=\"elementor-widget-container\">\n\t\t\t\t\t\t\t\t\t<p>\u201cDo\u011fa dostu oyun alanlar\u0131\u201d misyonuyla tasarlanan Robiwood \u00fcr\u00fcnlerinde, end\u00fcstriyel kullan\u0131m i\u00e7in yeti\u015ftirilen FSC onayl\u0131<br \/>a\u011fa\u00e7lar kullan\u0131lmaktad\u0131r. Bununla beraber, koruyucu malzeme olarak da yaln\u0131zca organik ya\u011flar kullanmaktay\u0131z.<\/p>\t\t\t\t\t\t\t\t<\/div>\n\t\t\t\t<\/div>\n\t\t\t\t\t<\/div>\n\t\t\t\t<\/div>\n\t\t<div class=\"elementor-element elementor-element-c69bd0e e-con-full e-flex e-con e-child\" data-id=\"c69bd0e\" data-element_type=\"container\" data-e-type=\"container\">\n\t\t\t\t<div class=\"elementor-element elementor-element-03bb565 elementor-widget__width-initial elementor-widget elementor-widget-image\" data-id=\"03bb565\" data-element_type=\"widget\" data-e-type=\"widget\" data-widget_type=\"image.default\">\n\t\t\t\t<div class=\"elementor-widget-container\">\n\t\t\t\t\t\t\t\t\t\t\t\t\t\t\t<img decoding=\"async\" width=\"900\" height=\"599\" src=\"https:\/\/robiwood.com\/wp-content\/uploads\/2023\/10\/WhatsApp-Gorsel-2023-10-18-saat-14.15.13_5bb73225-1024x682.webp\" class=\"elementor-animation-float attachment-large size-large wp-image-4002 inwp-archive-product-image\" alt=\"\" srcset=\"https:\/\/robiwood.com\/wp-content\/uploads\/2023\/10\/WhatsApp-Gorsel-2023-10-18-saat-14.15.13_5bb73225-1024x682.webp 1024w, https:\/\/robiwood.com\/wp-content\/uploads\/2023\/10\/WhatsApp-Gorsel-2023-10-18-saat-14.15.13_5bb73225-600x400.webp 600w, https:\/\/robiwood.com\/wp-content\/uploads\/2023\/10\/WhatsApp-Gorsel-2023-10-18-saat-14.15.13_5bb73225-300x200.webp 300w, https:\/\/robiwood.com\/wp-content\/uploads\/2023\/10\/WhatsApp-Gorsel-2023-10-18-saat-14.15.13_5bb73225-768x512.webp 768w, https:\/\/robiwood.com\/wp-content\/uploads\/2023\/10\/WhatsApp-Gorsel-2023-10-18-saat-14.15.13_5bb73225-1536x1023.webp 1536w, https:\/\/robiwood.com\/wp-content\/uploads\/2023\/10\/WhatsApp-Gorsel-2023-10-18-saat-14.15.13_5bb73225.webp 1600w\" sizes=\"(max-width: 900px) 100vw, 900px\" \/>\t\t\t\t\t\t\t\t\t\t\t\t\t\t\t<\/div>\n\t\t\t\t<\/div>\n\t\t\t\t<\/div>\n\t\t\t\t\t<\/div>\n\t\t\t\t<\/div>\n\t\t\t\t<div class=\"elementor-element elementor-element-175f02d elementor-widget elementor-widget-heading\" data-id=\"175f02d\" data-element_type=\"widget\" data-e-type=\"widget\" data-widget_type=\"heading.default\">\n\t\t\t\t<div class=\"elementor-widget-container\">\n\t\t\t\t\t<h1 class=\"elementor-heading-title elementor-size-default\">ORGAN\u0130K OYUN ALANLARI<\/h1>\t\t\t\t<\/div>\n\t\t\t\t<\/div>\n\t\t<div class=\"elementor-element elementor-element-259b234 e-flex e-con-boxed e-con e-child\" data-id=\"259b234\" data-element_type=\"container\" data-e-type=\"container\">\n\t\t\t\t\t<div class=\"e-con-inner\">\n\t\t<div class=\"elementor-element elementor-element-9a0c1c5 e-con-full e-flex e-con e-child\" data-id=\"9a0c1c5\" data-element_type=\"container\" data-e-type=\"container\">\n\t\t\t\t<\/div>\n\t\t<div class=\"elementor-element elementor-element-174a995 e-flex e-con-boxed e-con e-child\" data-id=\"174a995\" data-element_type=\"container\" data-e-type=\"container\">\n\t\t\t\t\t<div class=\"e-con-inner\">\n\t\t\t\t<div class=\"elementor-element elementor-element-fed084e elementor-widget elementor-widget-text-editor\" data-id=\"fed084e\" data-element_type=\"widget\" data-e-type=\"widget\" data-widget_type=\"text-editor.default\">\n\t\t\t\t<div class=\"elementor-widget-container\">\n\t\t\t\t\t\t\t\t\t<p><em><strong>Kentsel mekanlardaki ye\u015fil alanlarda, \u00e7ocuklar\u0131n rekreasyonel ihtiya\u00e7lar\u0131n\u0131 kar\u015f\u0131larken,yeti\u015fkinler i\u00e7in de do\u011fal dinlenme alanlar\u0131 yarat\u0131yoruz.<\/strong><\/em><\/p>\t\t\t\t\t\t\t\t<\/div>\n\t\t\t\t<\/div>\n\t\t\t\t\t<\/div>\n\t\t\t\t<\/div>\n\t\t\t\t\t<\/div>\n\t\t\t\t<\/div>\n\t\t<div class=\"elementor-element elementor-element-25d75b7 e-flex e-con-boxed e-con e-child\" data-id=\"25d75b7\" data-element_type=\"container\" data-e-type=\"container\">\n\t\t\t\t\t<div class=\"e-con-inner\">\n\t\t\t\t<div class=\"elementor-element elementor-element-b859396 elementor-invisible elementor-widget elementor-widget-text-editor\" data-id=\"b859396\" data-element_type=\"widget\" data-e-type=\"widget\" data-settings=\"{&quot;_animation&quot;:&quot;fadeInDown&quot;}\" data-widget_type=\"text-editor.default\">\n\t\t\t\t<div class=\"elementor-widget-container\">\n\t\t\t\t\t\t\t\t\t<p>\u00dcretti\u011fimiz masals\u0131 ve do\u011fal oyun alanlar\u0131 ile \u00e7ocuklar\u0131m\u0131z dijital e\u011flence ara\u00e7lar\u0131ndan uzakla\u015f\u0131rken, do\u011faya temas ederek<br \/>ya\u015f\u0131tlar\u0131yla sosyalle\u015fiyor. B\u00f6ylece fiziksel ve psikolojik geli\u015fimlerine katk\u0131 sa\u011flamay\u0131 hedefliyoruz.<\/p>\t\t\t\t\t\t\t\t<\/div>\n\t\t\t\t<\/div>\n\t\t\t\t\t<\/div>\n\t\t\t\t<\/div>\n\t\t\t\t\t<\/div>\n\t\t\t\t<\/div>\n\t\t\t\t<\/div>\n\t\t","protected":false},"excerpt":{"rendered":"<p>This Robinia playground, which includes many activities, offers children a safe area to play sports while having fun.<\/p>\n","protected":false},"featured_media":21145,"template":"","meta":{"inline_featured_image":false},"product_brand":[],"product_cat":[131],"product_tag":[152,105,149,155,153],"class_list":{"0":"post-10468","1":"product","2":"type-product","3":"status-publish","4":"has-post-thumbnail","6":"product_cat-robicity","7":"product_tag-acacia-play-groups","8":"product_tag-acacia-themed-playground","9":"product_tag-oyun-gruplari","10":"product_tag-stainless","11":"product_tag-playground","12":"pa_kritik-dusme-yuksekligi-258","13":"pa_kullanici-sayisi-1-2","14":"pa_renkler-natural","15":"pa_yas-grubu-257","17":"first","18":"instock","19":"shipping-taxable","20":"purchasable","21":"product-type-variable","22":"has-default-attributes"},"acf":[],"_links":{"self":[{"href":"https:\/\/robiwood.com\/en\/wp-json\/wp\/v2\/product\/10468","targetHints":{"allow":["GET"]}}],"collection":[{"href":"https:\/\/robiwood.com\/en\/wp-json\/wp\/v2\/product"}],"about":[{"href":"https:\/\/robiwood.com\/en\/wp-json\/wp\/v2\/types\/product"}],"wp:featuredmedia":[{"embeddable":true,"href":"https:\/\/robiwood.com\/en\/wp-json\/wp\/v2\/media\/21145"}],"wp:attachment":[{"href":"https:\/\/robiwood.com\/en\/wp-json\/wp\/v2\/media?parent=10468"}],"wp:term":[{"taxonomy":"product_brand","embeddable":true,"href":"https:\/\/robiwood.com\/en\/wp-json\/wp\/v2\/product_brand?post=10468"},{"taxonomy":"product_cat","embeddable":true,"href":"https:\/\/robiwood.com\/en\/wp-json\/wp\/v2\/product_cat?post=10468"},{"taxonomy":"product_tag","embeddable":true,"href":"https:\/\/robiwood.com\/en\/wp-json\/wp\/v2\/product_tag?post=10468"}],"curies":[{"name":"wp","href":"https:\/\/api.w.org\/{rel}","templated":true}]}}