{"id":7529,"date":"2023-12-02T13:52:45","date_gmt":"2023-12-02T10:52:45","guid":{"rendered":"https:\/\/eronyazilim.com.tr\/?page_id=7529"},"modified":"2025-02-06T13:23:25","modified_gmt":"2025-02-06T10:23:25","slug":"surec-nasil-ilerliyor","status":"publish","type":"page","link":"https:\/\/robiwood.com\/en\/how-the-process-works\/","title":{"rendered":"How the Process Works ?"},"content":{"rendered":"\t\t<div data-elementor-type=\"wp-page\" data-elementor-id=\"7529\" class=\"elementor elementor-7529\" data-elementor-post-type=\"page\">\n\t\t\t\t\t\t<section class=\"elementor-section elementor-top-section elementor-element elementor-element-4549342 elementor-section-stretched section animated-slow elementor-section-boxed elementor-section-height-default elementor-section-height-default\" data-id=\"4549342\" data-element_type=\"section\" data-e-type=\"section\" data-settings=\"{&quot;background_background&quot;:&quot;classic&quot;,&quot;animation&quot;:&quot;none&quot;,&quot;stretch_section&quot;:&quot;section-stretched&quot;,&quot;motion_fx_motion_fx_scrolling&quot;:&quot;yes&quot;,&quot;motion_fx_scale_effect&quot;:&quot;yes&quot;,&quot;motion_fx_scale_speed&quot;:{&quot;unit&quot;:&quot;px&quot;,&quot;size&quot;:-1,&quot;sizes&quot;:[]},&quot;motion_fx_scale_range&quot;:{&quot;unit&quot;:&quot;%&quot;,&quot;size&quot;:&quot;&quot;,&quot;sizes&quot;:{&quot;start&quot;:23,&quot;end&quot;:67}},&quot;motion_fx_range&quot;:&quot;page&quot;,&quot;motion_fx_scale_direction&quot;:&quot;out-in&quot;,&quot;motion_fx_devices&quot;:[&quot;desktop&quot;,&quot;laptop&quot;,&quot;tablet_extra&quot;,&quot;tablet&quot;,&quot;mobile_extra&quot;,&quot;mobile&quot;]}\">\n\t\t\t\t\t\t<div class=\"elementor-container elementor-column-gap-default\">\n\t\t\t\t\t<div class=\"elementor-column elementor-col-100 elementor-top-column elementor-element elementor-element-638eedc\" data-id=\"638eedc\" data-element_type=\"column\" data-e-type=\"column\">\n\t\t\t<div class=\"elementor-widget-wrap elementor-element-populated\">\n\t\t\t\t\t\t<div class=\"elementor-section elementor-inner-section elementor-element elementor-element-d78c3b1 elementor-section-boxed elementor-section-height-default elementor-section-height-default\" data-id=\"d78c3b1\" data-element_type=\"section\" data-e-type=\"section\" data-settings=\"{&quot;animation&quot;:&quot;none&quot;}\">\n\t\t\t\t\t\t<div class=\"elementor-container elementor-column-gap-default\">\n\t\t\t\t\t<div class=\"elementor-column elementor-col-100 elementor-inner-column elementor-element elementor-element-468a59b\" data-id=\"468a59b\" data-element_type=\"column\" data-e-type=\"column\">\n\t\t\t<div class=\"elementor-widget-wrap elementor-element-populated\">\n\t\t\t\t<div class=\"elementor-element elementor-element-e62ea5a e-flex e-con-boxed e-con e-child\" data-id=\"e62ea5a\" data-element_type=\"container\" data-e-type=\"container\">\n\t\t\t\t\t<div class=\"e-con-inner\">\n\t\t\t\t<div class=\"elementor-element elementor-element-163069e elementor-widget elementor-widget-heading\" data-id=\"163069e\" data-element_type=\"widget\" data-e-type=\"widget\" data-widget_type=\"heading.default\">\n\t\t\t\t<div class=\"elementor-widget-container\">\n\t\t\t\t\t<h2 class=\"elementor-heading-title elementor-size-default\">How does the process work?<\/h2>\t\t\t\t<\/div>\n\t\t\t\t<\/div>\n\t\t<div class=\"elementor-element elementor-element-c1ec5a9 e-flex e-con-boxed e-con e-child\" data-id=\"c1ec5a9\" data-element_type=\"container\" data-e-type=\"container\">\n\t\t\t\t\t<div class=\"e-con-inner\">\n\t\t<div class=\"elementor-element elementor-element-1711309 e-flex e-con-boxed e-con e-child\" data-id=\"1711309\" data-element_type=\"container\" data-e-type=\"container\">\n\t\t\t\t\t<div class=\"e-con-inner\">\n\t\t<div class=\"elementor-element elementor-element-626a2d6 e-flex e-con-boxed e-con e-child\" data-id=\"626a2d6\" data-element_type=\"container\" data-e-type=\"container\">\n\t\t\t\t\t<div class=\"e-con-inner\">\n\t\t<div class=\"elementor-element elementor-element-4cefd27 e-flex e-con-boxed e-con e-child\" data-id=\"4cefd27\" data-element_type=\"container\" data-e-type=\"container\">\n\t\t\t\t\t<div class=\"e-con-inner\">\n\t\t<div class=\"elementor-element elementor-element-c95d59c e-con-full e-flex e-con e-child\" data-id=\"c95d59c\" data-element_type=\"container\" data-e-type=\"container\">\n\t\t\t\t<div class=\"elementor-element elementor-element-1118f32 elementor-widget elementor-widget-heading\" data-id=\"1118f32\" data-element_type=\"widget\" data-e-type=\"widget\" data-widget_type=\"heading.default\">\n\t\t\t\t<div class=\"elementor-widget-container\">\n\t\t\t\t\t<h2 class=\"elementor-heading-title elementor-size-default\">1<\/h2>\t\t\t\t<\/div>\n\t\t\t\t<\/div>\n\t\t\t\t<\/div>\n\t\t<div class=\"elementor-element elementor-element-7fbae34 e-flex e-con-boxed e-con e-child\" data-id=\"7fbae34\" data-element_type=\"container\" data-e-type=\"container\">\n\t\t\t\t\t<div class=\"e-con-inner\">\n\t\t\t\t<div class=\"elementor-element elementor-element-3c34aea elementor-widget elementor-widget-heading\" data-id=\"3c34aea\" data-element_type=\"widget\" data-e-type=\"widget\" data-widget_type=\"heading.default\">\n\t\t\t\t<div class=\"elementor-widget-container\">\n\t\t\t\t\t<h2 class=\"elementor-heading-title elementor-size-default\">CONTACT US<\/h2>\t\t\t\t<\/div>\n\t\t\t\t<\/div>\n\t\t\t\t\t<\/div>\n\t\t\t\t<\/div>\n\t\t\t\t\t<\/div>\n\t\t\t\t<\/div>\n\t\t\t\t<div class=\"elementor-element elementor-element-e4c6dd4 elementor-widget elementor-widget-image\" data-id=\"e4c6dd4\" data-element_type=\"widget\" data-e-type=\"widget\" data-widget_type=\"image.default\">\n\t\t\t\t<div class=\"elementor-widget-container\">\n\t\t\t\t\t\t\t\t\t\t\t\t\t\t\t<img decoding=\"async\" width=\"900\" height=\"20\" src=\"https:\/\/robiwood.com\/wp-content\/uploads\/2023\/12\/solcizgi.svg\" class=\"attachment-large size-large wp-image-7532 inwp-archive-product-image\" alt=\"\" \/>\t\t\t\t\t\t\t\t\t\t\t\t\t\t\t<\/div>\n\t\t\t\t<\/div>\n\t\t\t\t<div class=\"elementor-element elementor-element-d919d60 elementor-widget elementor-widget-text-editor\" data-id=\"d919d60\" data-element_type=\"widget\" data-e-type=\"widget\" data-widget_type=\"text-editor.default\">\n\t\t\t\t<div class=\"elementor-widget-container\">\n\t\t\t\t\t\t\t\t\tDon&#8217;t hesitate to take your first step into Robiwood! Contact us, share your demands and dreams. Our professional team looks forward to cooperating with you.\t\t\t\t\t\t\t\t<\/div>\n\t\t\t\t<\/div>\n\t\t\t\t\t<\/div>\n\t\t\t\t<\/div>\n\t\t<div class=\"elementor-element elementor-element-64f8f2b e-flex e-con-boxed e-con e-child\" data-id=\"64f8f2b\" data-element_type=\"container\" data-e-type=\"container\">\n\t\t\t\t\t<div class=\"e-con-inner\">\n\t\t\t\t<div class=\"elementor-element elementor-element-fee99c8 elementor-widget elementor-widget-image\" data-id=\"fee99c8\" data-element_type=\"widget\" data-e-type=\"widget\" data-widget_type=\"image.default\">\n\t\t\t\t<div class=\"elementor-widget-container\">\n\t\t\t\t\t\t\t\t\t\t\t\t\t\t\t<img fetchpriority=\"high\" fetchpriority=\"high\" decoding=\"async\" width=\"900\" height=\"900\" src=\"https:\/\/robiwood.com\/wp-content\/uploads\/2023\/12\/1.svg\" class=\"attachment-large size-large wp-image-7537 inwp-archive-product-image\" alt=\"\" \/>\t\t\t\t\t\t\t\t\t\t\t\t\t\t\t<\/div>\n\t\t\t\t<\/div>\n\t\t\t\t\t<\/div>\n\t\t\t\t<\/div>\n\t\t\t\t\t<\/div>\n\t\t\t\t<\/div>\n\t\t<div class=\"elementor-element elementor-element-4111d1b e-flex e-con-boxed e-con e-child\" data-id=\"4111d1b\" data-element_type=\"container\" data-e-type=\"container\">\n\t\t\t\t\t<div class=\"e-con-inner\">\n\t\t<div class=\"elementor-element elementor-element-74af8b9 e-flex e-con-boxed e-con e-child\" data-id=\"74af8b9\" data-element_type=\"container\" data-e-type=\"container\">\n\t\t\t\t\t<div class=\"e-con-inner\">\n\t\t<div class=\"elementor-element elementor-element-56eda2c e-flex e-con-boxed e-con e-child\" data-id=\"56eda2c\" data-element_type=\"container\" data-e-type=\"container\">\n\t\t\t\t\t<div class=\"e-con-inner\">\n\t\t<div class=\"elementor-element elementor-element-1ef26e7 e-con-full e-flex e-con e-child\" data-id=\"1ef26e7\" data-element_type=\"container\" data-e-type=\"container\">\n\t\t\t\t<div class=\"elementor-element elementor-element-195dfca elementor-widget elementor-widget-heading\" data-id=\"195dfca\" data-element_type=\"widget\" data-e-type=\"widget\" data-widget_type=\"heading.default\">\n\t\t\t\t<div class=\"elementor-widget-container\">\n\t\t\t\t\t<h2 class=\"elementor-heading-title elementor-size-default\">2<\/h2>\t\t\t\t<\/div>\n\t\t\t\t<\/div>\n\t\t\t\t<\/div>\n\t\t<div class=\"elementor-element elementor-element-03b7ee0 e-flex e-con-boxed e-con e-child\" data-id=\"03b7ee0\" data-element_type=\"container\" data-e-type=\"container\">\n\t\t\t\t\t<div class=\"e-con-inner\">\n\t\t\t\t<div class=\"elementor-element elementor-element-74ba3ed elementor-widget elementor-widget-heading\" data-id=\"74ba3ed\" data-element_type=\"widget\" data-e-type=\"widget\" data-widget_type=\"heading.default\">\n\t\t\t\t<div class=\"elementor-widget-container\">\n\t\t\t\t\t<h1 class=\"elementor-heading-title elementor-size-default\">LET'S DETERMINE YOUR NEEDS<\/h1>\t\t\t\t<\/div>\n\t\t\t\t<\/div>\n\t\t\t\t\t<\/div>\n\t\t\t\t<\/div>\n\t\t\t\t\t<\/div>\n\t\t\t\t<\/div>\n\t\t\t\t<div class=\"elementor-element elementor-element-d4ce214 elementor-widget elementor-widget-image\" data-id=\"d4ce214\" data-element_type=\"widget\" data-e-type=\"widget\" data-widget_type=\"image.default\">\n\t\t\t\t<div class=\"elementor-widget-container\">\n\t\t\t\t\t\t\t\t\t\t\t\t\t\t\t<img decoding=\"async\" width=\"900\" height=\"20\" src=\"https:\/\/robiwood.com\/wp-content\/uploads\/2023\/12\/solcizgi.svg\" class=\"attachment-large size-large wp-image-7532 inwp-archive-product-image\" alt=\"\" \/>\t\t\t\t\t\t\t\t\t\t\t\t\t\t\t<\/div>\n\t\t\t\t<\/div>\n\t\t\t\t<div class=\"elementor-element elementor-element-7dfa05b elementor-widget elementor-widget-text-editor\" data-id=\"7dfa05b\" data-element_type=\"widget\" data-e-type=\"widget\" data-widget_type=\"text-editor.default\">\n\t\t\t\t<div class=\"elementor-widget-container\">\n\t\t\t\t\t\t\t\t\tUnderstanding your needs is a priority for us. We will have a detailed conversation with you, determine your wishes and begin our preparations to offer special solutions.\n \t\t\t\t\t\t\t\t<\/div>\n\t\t\t\t<\/div>\n\t\t\t\t\t<\/div>\n\t\t\t\t<\/div>\n\t\t<div class=\"elementor-element elementor-element-e62d6e9 e-flex e-con-boxed e-con e-child\" data-id=\"e62d6e9\" data-element_type=\"container\" data-e-type=\"container\">\n\t\t\t\t\t<div class=\"e-con-inner\">\n\t\t\t\t<div class=\"elementor-element elementor-element-8b1e222 elementor-widget elementor-widget-image\" data-id=\"8b1e222\" data-element_type=\"widget\" data-e-type=\"widget\" data-widget_type=\"image.default\">\n\t\t\t\t<div class=\"elementor-widget-container\">\n\t\t\t\t\t\t\t\t\t\t\t\t\t\t\t<img decoding=\"async\" width=\"900\" height=\"900\" src=\"https:\/\/robiwood.com\/wp-content\/uploads\/2023\/12\/2.svg\" class=\"attachment-large size-large wp-image-7538 inwp-archive-product-image\" alt=\"\" \/>\t\t\t\t\t\t\t\t\t\t\t\t\t\t\t<\/div>\n\t\t\t\t<\/div>\n\t\t\t\t\t<\/div>\n\t\t\t\t<\/div>\n\t\t\t\t\t<\/div>\n\t\t\t\t<\/div>\n\t\t<div class=\"elementor-element elementor-element-ceb5654 e-flex e-con-boxed e-con e-child\" data-id=\"ceb5654\" data-element_type=\"container\" data-e-type=\"container\">\n\t\t\t\t\t<div class=\"e-con-inner\">\n\t\t<div class=\"elementor-element elementor-element-0b17b29 e-flex e-con-boxed e-con e-child\" data-id=\"0b17b29\" data-element_type=\"container\" data-e-type=\"container\">\n\t\t\t\t\t<div class=\"e-con-inner\">\n\t\t<div class=\"elementor-element elementor-element-7ac8097 e-flex e-con-boxed e-con e-child\" data-id=\"7ac8097\" data-element_type=\"container\" data-e-type=\"container\">\n\t\t\t\t\t<div class=\"e-con-inner\">\n\t\t<div class=\"elementor-element elementor-element-81d52de e-con-full e-flex e-con e-child\" data-id=\"81d52de\" data-element_type=\"container\" data-e-type=\"container\">\n\t\t\t\t<div class=\"elementor-element elementor-element-fcd4e20 elementor-widget elementor-widget-heading\" data-id=\"fcd4e20\" data-element_type=\"widget\" data-e-type=\"widget\" data-widget_type=\"heading.default\">\n\t\t\t\t<div class=\"elementor-widget-container\">\n\t\t\t\t\t<h2 class=\"elementor-heading-title elementor-size-default\">3<\/h2>\t\t\t\t<\/div>\n\t\t\t\t<\/div>\n\t\t\t\t<\/div>\n\t\t<div class=\"elementor-element elementor-element-1a0a2cc e-flex e-con-boxed e-con e-child\" data-id=\"1a0a2cc\" data-element_type=\"container\" data-e-type=\"container\">\n\t\t\t\t\t<div class=\"e-con-inner\">\n\t\t\t\t<div class=\"elementor-element elementor-element-a5eab48 elementor-widget elementor-widget-heading\" data-id=\"a5eab48\" data-element_type=\"widget\" data-e-type=\"widget\" data-widget_type=\"heading.default\">\n\t\t\t\t<div class=\"elementor-widget-container\">\n\t\t\t\t\t<h1 class=\"elementor-heading-title elementor-size-default\">SETTLEMENT SIMULATION<\/h1>\t\t\t\t<\/div>\n\t\t\t\t<\/div>\n\t\t\t\t\t<\/div>\n\t\t\t\t<\/div>\n\t\t\t\t\t<\/div>\n\t\t\t\t<\/div>\n\t\t\t\t<div class=\"elementor-element elementor-element-4bdae1e elementor-widget elementor-widget-image\" data-id=\"4bdae1e\" data-element_type=\"widget\" data-e-type=\"widget\" data-widget_type=\"image.default\">\n\t\t\t\t<div class=\"elementor-widget-container\">\n\t\t\t\t\t\t\t\t\t\t\t\t\t\t\t<img decoding=\"async\" width=\"900\" height=\"20\" src=\"https:\/\/robiwood.com\/wp-content\/uploads\/2023\/12\/solcizgi.svg\" class=\"attachment-large size-large wp-image-7532 inwp-archive-product-image\" alt=\"\" \/>\t\t\t\t\t\t\t\t\t\t\t\t\t\t\t<\/div>\n\t\t\t\t<\/div>\n\t\t\t\t<div class=\"elementor-element elementor-element-f621083 elementor-widget elementor-widget-text-editor\" data-id=\"f621083\" data-element_type=\"widget\" data-e-type=\"widget\" data-widget_type=\"text-editor.default\">\n\t\t\t\t<div class=\"elementor-widget-container\">\n\t\t\t\t\t\t\t\t\tOnce your needs are clear, our experts will create a custom layout simulation. This step will help you visualize how our \ndesigns and products will look in your space.\t\t\t\t\t\t\t\t<\/div>\n\t\t\t\t<\/div>\n\t\t\t\t\t<\/div>\n\t\t\t\t<\/div>\n\t\t<div class=\"elementor-element elementor-element-a4a41c3 e-flex e-con-boxed e-con e-child\" data-id=\"a4a41c3\" data-element_type=\"container\" data-e-type=\"container\">\n\t\t\t\t\t<div class=\"e-con-inner\">\n\t\t\t\t<div class=\"elementor-element elementor-element-bf5c25d elementor-widget elementor-widget-image\" data-id=\"bf5c25d\" data-element_type=\"widget\" data-e-type=\"widget\" data-widget_type=\"image.default\">\n\t\t\t\t<div class=\"elementor-widget-container\">\n\t\t\t\t\t\t\t\t\t\t\t\t\t\t\t<img loading=\"lazy\" loading=\"lazy\" decoding=\"async\" width=\"900\" height=\"900\" src=\"https:\/\/robiwood.com\/wp-content\/uploads\/2023\/12\/3.svg\" class=\"attachment-large size-large wp-image-7539 inwp-archive-product-image\" alt=\"\" \/>\t\t\t\t\t\t\t\t\t\t\t\t\t\t\t<\/div>\n\t\t\t\t<\/div>\n\t\t\t\t\t<\/div>\n\t\t\t\t<\/div>\n\t\t\t\t\t<\/div>\n\t\t\t\t<\/div>\n\t\t<div class=\"elementor-element elementor-element-cf3c4da e-flex e-con-boxed e-con e-child\" data-id=\"cf3c4da\" data-element_type=\"container\" data-e-type=\"container\">\n\t\t\t\t\t<div class=\"e-con-inner\">\n\t\t<div class=\"elementor-element elementor-element-3943249 e-flex e-con-boxed e-con e-child\" data-id=\"3943249\" data-element_type=\"container\" data-e-type=\"container\">\n\t\t\t\t\t<div class=\"e-con-inner\">\n\t\t<div class=\"elementor-element elementor-element-40c3b96 e-con-full e-flex e-con e-child\" data-id=\"40c3b96\" data-element_type=\"container\" data-e-type=\"container\">\n\t\t<div class=\"elementor-element elementor-element-928efce e-con-full e-flex e-con e-child\" data-id=\"928efce\" data-element_type=\"container\" data-e-type=\"container\">\n\t\t\t\t<div class=\"elementor-element elementor-element-da03c8a elementor-widget elementor-widget-heading\" data-id=\"da03c8a\" data-element_type=\"widget\" data-e-type=\"widget\" data-widget_type=\"heading.default\">\n\t\t\t\t<div class=\"elementor-widget-container\">\n\t\t\t\t\t<h2 class=\"elementor-heading-title elementor-size-default\">4<\/h2>\t\t\t\t<\/div>\n\t\t\t\t<\/div>\n\t\t\t\t<\/div>\n\t\t<div class=\"elementor-element elementor-element-ed54f14 e-flex e-con-boxed e-con e-child\" data-id=\"ed54f14\" data-element_type=\"container\" data-e-type=\"container\">\n\t\t\t\t\t<div class=\"e-con-inner\">\n\t\t\t\t<div class=\"elementor-element elementor-element-07b0466 elementor-widget elementor-widget-heading\" data-id=\"07b0466\" data-element_type=\"widget\" data-e-type=\"widget\" data-widget_type=\"heading.default\">\n\t\t\t\t<div class=\"elementor-widget-container\">\n\t\t\t\t\t<h1 class=\"elementor-heading-title elementor-size-default\">PROJECT &amp; FINALIZATION<\/h1>\t\t\t\t<\/div>\n\t\t\t\t<\/div>\n\t\t\t\t\t<\/div>\n\t\t\t\t<\/div>\n\t\t\t\t<\/div>\n\t\t\t\t<div class=\"elementor-element elementor-element-2db6198 e-transform elementor-widget elementor-widget-image\" data-id=\"2db6198\" data-element_type=\"widget\" data-e-type=\"widget\" data-settings=\"{&quot;_transform_flipX_effect&quot;:&quot;transform&quot;}\" data-widget_type=\"image.default\">\n\t\t\t\t<div class=\"elementor-widget-container\">\n\t\t\t\t\t\t\t\t\t\t\t\t\t\t\t<img decoding=\"async\" width=\"900\" height=\"20\" src=\"https:\/\/robiwood.com\/wp-content\/uploads\/2023\/12\/solcizgi.svg\" class=\"attachment-large size-large wp-image-7532 inwp-archive-product-image\" alt=\"\" \/>\t\t\t\t\t\t\t\t\t\t\t\t\t\t\t<\/div>\n\t\t\t\t<\/div>\n\t\t\t\t<div class=\"elementor-element elementor-element-c6d98fd elementor-widget-mobile__width-initial elementor-widget elementor-widget-text-editor\" data-id=\"c6d98fd\" data-element_type=\"widget\" data-e-type=\"widget\" data-widget_type=\"text-editor.default\">\n\t\t\t\t<div class=\"elementor-widget-container\">\n\t\t\t\t\t\t\t\t\tIn order to realize the designs we created together with you, we begin the project planning process and work meticulously down to the last details. \nWhen the project is completed, we share the happiness of having your dream playground.\t\t\t\t\t\t\t\t<\/div>\n\t\t\t\t<\/div>\n\t\t\t\t\t<\/div>\n\t\t\t\t<\/div>\n\t\t<div class=\"elementor-element elementor-element-a108f89 e-flex e-con-boxed e-con e-child\" data-id=\"a108f89\" data-element_type=\"container\" data-e-type=\"container\">\n\t\t\t\t\t<div class=\"e-con-inner\">\n\t\t\t\t<div class=\"elementor-element elementor-element-27ea268 elementor-widget elementor-widget-image\" data-id=\"27ea268\" data-element_type=\"widget\" data-e-type=\"widget\" data-widget_type=\"image.default\">\n\t\t\t\t<div class=\"elementor-widget-container\">\n\t\t\t\t\t\t\t\t\t\t\t\t\t\t\t<img decoding=\"async\" src=\"https:\/\/robiwood.com\/wp-content\/uploads\/2023\/12\/4.svg\" title=\"4\" alt=\"4\" loading=\"lazy\" \/>\t\t\t\t\t\t\t\t\t\t\t\t\t\t\t<\/div>\n\t\t\t\t<\/div>\n\t\t\t\t\t<\/div>\n\t\t\t\t<\/div>\n\t\t\t\t\t<\/div>\n\t\t\t\t<\/div>\n\t\t\t\t\t<\/div>\n\t\t\t\t<\/div>\n\t\t\t\t\t<\/div>\n\t\t\t\t<\/div>\n\t\t\t\t\t<\/div>\n\t\t<\/div>\n\t\t\t\t\t<\/div>\n\t\t<\/div>\n\t\t\t\t\t<\/div>\n\t\t<\/div>\n\t\t\t\t\t<\/div>\n\t\t<\/section>\n\t\t\t\t<\/div>\n\t\t","protected":false},"excerpt":{"rendered":"<p>S\u00fcre\u00e7 Nas\u0131l \u0130lerliyor? 1 B\u0130ZE ULA\u015eIN Robiwood&#8217;a ilk ad\u0131m\u0131n\u0131z\u0131 atmaktan \u00e7ekinmeyin! Bize ula\u015f\u0131n, taleplerinizi ve hayallerinizi payla\u015f\u0131n. Profesyonel ekibimiz, sizinle i\u015fbirli\u011fi yapmak i\u00e7in sab\u0131rs\u0131zlan\u0131yor. 2 \u0130HT\u0130YA\u00c7LARINIZI BEL\u0130RLEYEL\u0130M \u0130htiya\u00e7lar\u0131n\u0131z\u0131 anlamak bizim i\u00e7in \u00f6nceliklidir. Sizinle detayl\u0131 bir g\u00f6r\u00fc\u015fme yaparak, isteklerinizi belirleyecek ve \u00f6zel \u00e7\u00f6z\u00fcmler sunmak i\u00e7in haz\u0131rl\u0131klar\u0131m\u0131za ba\u015flayaca\u011f\u0131z. 3 YERLE\u015e\u0130M S\u0130M\u00dcLASYONU \u0130htiya\u00e7lar\u0131n\u0131z netle\u015ftikten sonra, uzmanlar\u0131m\u0131z \u00f6zel bir [&hellip;]<\/p>\n","protected":false},"author":1,"featured_media":0,"parent":0,"menu_order":0,"comment_status":"closed","ping_status":"closed","template":"","meta":{"inline_featured_image":false,"footnotes":""},"class_list":["post-7529","page","type-page","status-publish","hentry"],"acf":[],"_links":{"self":[{"href":"https:\/\/robiwood.com\/en\/wp-json\/wp\/v2\/pages\/7529","targetHints":{"allow":["GET"]}}],"collection":[{"href":"https:\/\/robiwood.com\/en\/wp-json\/wp\/v2\/pages"}],"about":[{"href":"https:\/\/robiwood.com\/en\/wp-json\/wp\/v2\/types\/page"}],"author":[{"embeddable":true,"href":"https:\/\/robiwood.com\/en\/wp-json\/wp\/v2\/users\/1"}],"replies":[{"embeddable":true,"href":"https:\/\/robiwood.com\/en\/wp-json\/wp\/v2\/comments?post=7529"}],"version-history":[{"count":5,"href":"https:\/\/robiwood.com\/en\/wp-json\/wp\/v2\/pages\/7529\/revisions"}],"predecessor-version":[{"id":20964,"href":"https:\/\/robiwood.com\/en\/wp-json\/wp\/v2\/pages\/7529\/revisions\/20964"}],"wp:attachment":[{"href":"https:\/\/robiwood.com\/en\/wp-json\/wp\/v2\/media?parent=7529"}],"curies":[{"name":"wp","href":"https:\/\/api.w.org\/{rel}","templated":true}]}}