{"id":2705,"date":"2023-09-26T19:06:44","date_gmt":"2023-09-26T16:06:44","guid":{"rendered":"https:\/\/eronyazilim.com.tr\/?page_id=2705"},"modified":"2023-10-05T16:58:55","modified_gmt":"2023-10-05T13:58:55","slug":"kullanim-kosullari","status":"publish","type":"page","link":"https:\/\/robiwood.com\/en\/terms-and-conditions\/","title":{"rendered":"Terms and Conditions"},"content":{"rendered":"<p>1- Web sitesi sahibi, \u015eartlar\u0131n sunulmas\u0131 ve ba\u011flay\u0131c\u0131l\u0131\u011f\u0131<\/p>\n<p>Bu web sitesi \u201cAsl\u0131 Park \u00c7evre Tasar\u0131m ve M\u00fchendislik Ltd \u015eti\u201dye aittir ve onun taraf\u0131ndan i\u015fletilmektedir. Bu web sitesi ziyaret\u00e7ilerine Oyun Ekipmanlar\u0131, A\u00e7\u0131k Fitness ve GYM Ekipmanlar\u0131, Banklar, Gazebolar gibi Park ve \u015eehir Mobilyalar\u0131 sunmaktad\u0131r.<\/p>\n<p>Hizmetimizin web sitesine eri\u015ferek veya kullanarak, bu Ko\u015fullar\u0131 okudu\u011funuzu, anlad\u0131\u011f\u0131n\u0131z\u0131 ve bunlara ba\u011fl\u0131 kalmay\u0131 kabul etti\u011finizi onayl\u0131yorsunuz.<\/p>\n<p>2- Web sitenizi kimler kullanabilir; hesap olu\u015fturmak i\u00e7in gereksinimler nelerdir<\/p>\n<p>Web sitemizi kullanmak ve\/veya hizmetlerimizi almak i\u00e7in, en az 18 ya\u015f\u0131nda veya yarg\u0131 b\u00f6lgenizdeki yasal re\u015fit olma ya\u015f\u0131nda olman\u0131z ve bir ba\u011flay\u0131c\u0131 s\u00f6zle\u015fme. Bu web sitesini kullanman\u0131za ve\/veya \u00fclkenizde veya sizin i\u00e7in ge\u00e7erli herhangi bir yasa veya d\u00fczenlemeye g\u00f6re yasaklanm\u0131\u015fsa hizmet alman\u0131za izin verilmez.<\/p>\n<p>3- M\u00fc\u015fterilere Sunulan Temel Ticari \u015eartlar<\/p>\n<p>\u200b<\/p>\n<p>Bir \u00fcr\u00fcn\u00fc sat\u0131n al\u0131rken \u015funlar\u0131 kabul edersiniz: (i) sat\u0131n alma taahh\u00fcd\u00fcnde bulunmadan \u00f6nce t\u00fcm \u00fcr\u00fcn listesini okumaktan sorumlusunuz: (ii) bir \u00fcr\u00fcn\u00fc sat\u0131n almay\u0131 taahh\u00fct etti\u011finizde, bir \u00fcr\u00fcn\u00fc sat\u0131n almak i\u00e7in yasal olarak ba\u011flay\u0131c\u0131 bir s\u00f6zle\u015fmeye girersiniz. ve \u00e7\u0131k\u0131\u015f \u00f6deme i\u015flemini tamamlars\u0131n\u0131z.<\/p>\n<p>Hizmetlerimizi kullanmak i\u00e7in talep etti\u011fimiz fiyatlar \/ Online olarak sat\u0131lan \u00fcr\u00fcnlerimiz i\u00e7in talep etti\u011fimiz fiyatlar web sitesinde listelenmektedir. G\u00f6sterilen \u00fcr\u00fcnler i\u00e7in fiyatlar\u0131m\u0131z\u0131 herhangi bir zamanda de\u011fi\u015ftirme ve yanl\u0131\u015fl\u0131kla olu\u015fabilecek fiyat hatalar\u0131n\u0131 d\u00fczeltme hakk\u0131m\u0131z sakl\u0131d\u0131r. Fiyatland\u0131rma ve sat\u0131\u015f vergisi hakk\u0131nda ek bilgiler \u00f6demeler sayfas\u0131nda mevcuttur.<\/p>\n<p>\u201cHizmetler ve hizmeti kullan\u0131m\u0131n\u0131zla ba\u011flant\u0131l\u0131 olarak maruz kalabilece\u011finiz vergiler ve olas\u0131 i\u015flem \u00fccretleri gibi di\u011fer \u00fccretler, \u00f6deme y\u00f6nteminizden ayl\u0131k olarak tahsil edilecektir.<\/p>\n<p>4- Online Sat\u0131\u015fta iade ve iade prosed\u00fcr\u00fc<\/p>\n<p>Hasar g\u00f6rmemi\u015f herhangi bir \u00fcr\u00fcn i\u00e7in, \u00fcr\u00fcn\u00fc ald\u0131\u011f\u0131n\u0131z tarihten itibaren 14 g\u00fcn i\u00e7inde orijinal faturas\u0131 (veya hediye makbuzu) ile birlikte verilen aksesuarlar\u0131 ve ambalaj\u0131 ile iade etmeniz yeterlidir; \u00fcr\u00fcn\u00fc de\u011fi\u015ftiririz veya orijinal \u00f6deme y\u00f6ntemine g\u00f6re geri \u00f6deme teklif ederiz. . Ayr\u0131ca, l\u00fctfen a\u015fa\u011f\u0131dakilere dikkat edin: (i) \u00dcr\u00fcnler yaln\u0131zca orijinal olarak sat\u0131n al\u0131nd\u0131klar\u0131 \u00fclkede iade edilebilir; ve (ii) a\u015fa\u011f\u0131daki \u00fcr\u00fcnler iade i\u00e7in uygun de\u011fildir:<\/p>\n<p>Online Sat\u0131\u015f hari\u00e7 t\u00fcm sistemlerde sat\u0131lan t\u00fcm \u00fcr\u00fcnler<\/p>\n<p>5- Teklifi de\u011fi\u015ftirme hakk\u0131n\u0131n sakl\u0131 tutulmas\u0131<\/p>\n<p>\u00d6nceden haber vermeksizin hizmetleri de\u011fi\u015ftirebiliriz; Hizmetleri veya sundu\u011fumuz hizmetlerin herhangi bir \u00f6zelli\u011fini sunmay\u0131 durdurmak; veya hizmetler i\u00e7in s\u0131n\u0131rlar olu\u015fturun. Hizmetlere eri\u015fimi herhangi bir nedenle veya sebep g\u00f6stermeksizin, bildirimde bulunmadan ve y\u00fck\u00fcml\u00fcl\u00fck alt\u0131na girmeden kal\u0131c\u0131 veya ge\u00e7ici olarak sonland\u0131rabilir veya ask\u0131ya alabiliriz.<\/p>\n<p>6 &#8211; Hizmetler ve \u00fcr\u00fcnler i\u00e7in garantiler ve sorumluluk<\/p>\n<p>Bizden sat\u0131n al\u0131nan bir \u00fcr\u00fcn i\u00e7in ge\u00e7erli bir garanti talebi ald\u0131\u011f\u0131m\u0131zda, ilgili kusuru onaraca\u011f\u0131z veya \u00fcr\u00fcn\u00fc de\u011fi\u015ftirece\u011fiz. \u00dcr\u00fcn\u00fc makul bir s\u00fcre i\u00e7inde onaramaz veya de\u011fi\u015ftiremezsek, m\u00fc\u015fteri \u00fcr\u00fcn\u00fcn bize derhal iade edilmesi \u00fczerine tam bir geri \u00f6deme alma hakk\u0131na sahip olacakt\u0131r. Onar\u0131lan veya de\u011fi\u015ftirilen \u00fcr\u00fcnlerin nakliye \u00fccretini m\u00fc\u015fteriye \u00f6deyece\u011fiz ve \u00fcr\u00fcn\u00fcn bize iade edilmesinden m\u00fc\u015fteri sorumlu olacakt\u0131r.<\/p>\n<p>7- Fikri m\u00fclkiyet, telif haklar\u0131 ve logolar\u0131n m\u00fclkiyeti<\/p>\n<p>Hizmet ve bunlarla s\u0131n\u0131rl\u0131 olmamak kayd\u0131yla, yaz\u0131l\u0131m, resimler, metin, grafik, logo, patent, ticari marka, hizmet markalar\u0131, telif haklar\u0131, foto\u011fraflar, ses, videolar, m\u00fczik ve bunlarla ilgili t\u00fcm Fikri M\u00fclkiyet Haklar\u0131 dahil olmak \u00fczere Hizmette bulunan veya bu yolla aktar\u0131lan t\u00fcm materyaller, Asl\u0131 Park \u00c7evre Tasar\u0131m ve M\u00fchendislik Ltd \u015eti&#8217;nin m\u00fcnhas\u0131r mal\u0131d\u0131r. Burada a\u00e7\u0131k\u00e7a belirtilmedik\u00e7e, bu Ko\u015fullardaki hi\u00e7bir \u015fey, bu t\u00fcr herhangi bir Fikri M\u00fclkiyet Haklar\u0131 kapsam\u0131nda veya kapsam\u0131nda bir lisans olu\u015fturdu\u011fu kabul edilmeyecektir ve siz, kamuya a\u00e7\u0131k olarak ger\u00e7ekle\u015ftirmek, yay\u0131nlamak, uyarlamak, d\u00fczenlemek veya bunlardan t\u00fcrev \u00e7al\u0131\u015fmalar olu\u015fturmak.<\/p>\n<p>Herhangi bir i\u00e7eri\u011fi (tasar\u0131mlar, resimler, animasyonlar, videolar, ses dosyalar\u0131, yaz\u0131 tipleri, logolar, ill\u00fcstrasyonlar, kompozisyonlar, sanat eserleri, aray\u00fczler, metin ve edebi eserler dahil ancak bunlarla s\u0131n\u0131rl\u0131 olmamak \u00fczere) herhangi bir \u015fekilde web sitesine y\u00fcklemekle, bunu kabul etmektesiniz. , i\u00e7eri\u011fi y\u00fcklemek\/aktarmak\/g\u00f6ndermek i\u00e7in ilgili t\u00fcm haklara sahip oldu\u011funuzu veya uygun lisans\u0131 ald\u0131\u011f\u0131n\u0131z\u0131 onaylars\u0131n\u0131z. Y\u00fcklenen\/aktar\u0131lan i\u00e7eri\u011fin web sitesinde herkese a\u00e7\u0131k olarak g\u00f6r\u00fcnt\u00fclenebilece\u011fini kabul ediyor ve onayl\u0131yorsunuz.<\/p>\n<p>8- Kullan\u0131c\u0131 hesab\u0131n\u0131 ask\u0131ya alma veya iptal etme hakk\u0131<\/p>\n<p>Bu Ko\u015fullar\u0131n herhangi bir h\u00fckm\u00fcn\u00fc veya ge\u00e7erli herhangi bir yasa veya d\u00fczenlemeyi ihlal etmeniz de dahil olmak \u00fczere, herhangi bir nedenle, bildirimde bulunmadan ve y\u00fck\u00fcml\u00fcl\u00fck olmaks\u0131z\u0131n hizmete eri\u015fiminizi kal\u0131c\u0131 veya ge\u00e7ici olarak feshedebilir veya ask\u0131ya alabiliriz. \u0130stedi\u011finiz zaman hesab\u0131n\u0131z\u0131 ve\/veya herhangi bir hizmeti kullanmay\u0131 b\u0131rakabilir ve iptal talebinde bulunabilirsiniz. \u00dccretli hizmetlere otomatik olarak yenilenen aboneliklerle ilgili olarak, yukar\u0131da belirtilenlerin aksine herhangi bir h\u00fck\u00fcm bulunmaks\u0131z\u0131n, bu t\u00fcr abonelikler, yaln\u0131zca halihaz\u0131rda \u00f6deme yapm\u0131\u015f oldu\u011funuz ilgili d\u00f6nemin sona ermesi \u00fczerine sonland\u0131r\u0131lacakt\u0131r.<\/p>\n<p>9- Tazminat<\/p>\n<p>Asl\u0131 Park \u00c7evre Tasar\u0131m ve M\u00fchendislik Ltd. \u015eti.&#8217;yi, \u00fc\u00e7\u00fcnc\u00fc \u015fah\u0131slar taraf\u0131ndan aleyhine ileri s\u00fcr\u00fclen veya bunlardan kaynaklanan veya bunlardan kaynaklanan her t\u00fcrl\u00fc talep, kay\u0131p, sorumluluk, iddia veya masraftan (vekalet \u00fccretleri dahil) tazmin etmeyi ve masun tutmay\u0131 kabul etmektesiniz. web sitesini veya web sitesinde sunulan herhangi bir hizmeti kullanman\u0131zla ba\u011flant\u0131l\u0131 olarak.<\/p>\n<p>10- Sorumlulu\u011fun s\u0131n\u0131rland\u0131r\u0131lmas\u0131<\/p>\n<p>Y\u00fcr\u00fcrl\u00fckteki yasalar\u0131n izin verdi\u011fi azami \u00f6l\u00e7\u00fcde, hi\u00e7bir durumda Asl\u0131 park \u00c7evre Tasar\u0131m ve M\u00fchendislik Ltd Sti. herhangi bir dolayl\u0131, cezai, ar\u0131zi, \u00f6zel, sonu\u00e7 olarak ortaya \u00e7\u0131kan veya \u00f6rnek niteli\u011findeki zararlardan, bunlar\u0131n kullan\u0131m\u0131ndan veya kullan\u0131lamamas\u0131ndan kaynaklanan veya bunlarla ilgili olarak ortaya \u00e7\u0131kan kar, iyi niyet, kullan\u0131m, veri veya di\u011fer maddi olmayan kay\u0131plardan kaynaklanan zararlar dahil ancak bunlarla s\u0131n\u0131rl\u0131 olmamak \u00fczere sorumlu olmayacakt\u0131r. kullan\u0131m, hizmet.<\/p>\n<p>Y\u00fcr\u00fcrl\u00fckteki yasalar\u0131n izin verdi\u011fi azami \u00f6l\u00e7\u00fcde, Asl\u0131 Park \u00c7evre Tasar\u0131m ve M\u00fchendislik Ltd.\u015eti, (i) i\u00e7erikteki hatalar, hatalar veya yanl\u0131\u015fl\u0131klar; (ii) hizmetimize eri\u015fiminizden veya hizmetimizi kullanman\u0131zdan kaynaklanan, her ne \u015fekilde olursa olsun ki\u015fisel yaralanma veya mal hasar\u0131; ve (iii) g\u00fcvenli sunucular\u0131m\u0131za ve\/veya burada saklanan t\u00fcm ki\u015fisel bilgilere yetkisiz eri\u015fim veya bunlar\u0131n kullan\u0131m\u0131.<\/p>\n<p>11- \u015eartlar\u0131 de\u011fi\u015ftirme ve de\u011fi\u015ftirme hakk\u0131<\/p>\n<p>Bu \u015fartlar\u0131 zaman zaman kendi takdirimize ba\u011fl\u0131 olarak de\u011fi\u015ftirme hakk\u0131n\u0131 sakl\u0131 tutar\u0131z. Bu nedenle, bu sayfay\u0131 periyodik olarak g\u00f6zden ge\u00e7irmelisiniz. \u015eartlar\u0131 \u00f6nemli bir \u015fekilde de\u011fi\u015ftirdi\u011fimizde, Ko\u015fullarda esasl\u0131 de\u011fi\u015fiklikler yap\u0131ld\u0131\u011f\u0131n\u0131 size bildirece\u011fiz. Bu t\u00fcr bir de\u011fi\u015fiklikten sonra Web Sitesini veya hizmetimizi kullanmaya devam etmeniz, yeni Ko\u015fullar\u0131 kabul etti\u011finiz anlam\u0131na gelir. Bu \u015fartlardan herhangi birini veya \u015eartlar\u0131n gelecekteki herhangi bir versiyonunu kabul etmiyorsan\u0131z, web sitesini veya hizmeti kullanmay\u0131n veya bunlara eri\u015fmeyin (veya eri\u015fmeye devam etmeyin).<\/p>\n<p>12- Promosyon e-postalar\u0131 ve i\u00e7eri\u011fi<\/p>\n<p>Zaman zaman bizden posta, e-posta veya bize sa\u011flayabilece\u011finiz di\u011fer herhangi bir ileti\u015fim formu (arama veya metin mesajlar\u0131 i\u00e7in telefon numaran\u0131z dahil) yoluyla promosyon mesajlar\u0131 ve materyalleri almay\u0131 kabul edersiniz. Bu t\u00fcr promosyon malzemeleri veya bildirimleri almak istemiyorsan\u0131z &#8211; l\u00fctfen istedi\u011finiz zaman bize bildirin<\/p>\n","protected":false},"excerpt":{"rendered":"<p>1- Web sitesi sahibi, \u015eartlar\u0131n sunulmas\u0131 ve ba\u011flay\u0131c\u0131l\u0131\u011f\u0131 Bu web sitesi \u201cAsl\u0131 Park \u00c7evre Tasar\u0131m ve M\u00fchendislik Ltd \u015eti\u201dye aittir ve onun taraf\u0131ndan i\u015fletilmektedir. Bu web sitesi ziyaret\u00e7ilerine Oyun Ekipmanlar\u0131, A\u00e7\u0131k Fitness ve GYM Ekipmanlar\u0131, Banklar, Gazebolar gibi Park ve \u015eehir Mobilyalar\u0131 sunmaktad\u0131r. Hizmetimizin web sitesine eri\u015ferek veya kullanarak, bu Ko\u015fullar\u0131 okudu\u011funuzu, anlad\u0131\u011f\u0131n\u0131z\u0131 ve bunlara [&hellip;]<\/p>\n","protected":false},"author":1,"featured_media":0,"parent":0,"menu_order":0,"comment_status":"closed","ping_status":"closed","template":"","meta":{"inline_featured_image":false,"footnotes":""},"class_list":["post-2705","page","type-page","status-publish","hentry"],"acf":[],"_links":{"self":[{"href":"https:\/\/robiwood.com\/en\/wp-json\/wp\/v2\/pages\/2705","targetHints":{"allow":["GET"]}}],"collection":[{"href":"https:\/\/robiwood.com\/en\/wp-json\/wp\/v2\/pages"}],"about":[{"href":"https:\/\/robiwood.com\/en\/wp-json\/wp\/v2\/types\/page"}],"author":[{"embeddable":true,"href":"https:\/\/robiwood.com\/en\/wp-json\/wp\/v2\/users\/1"}],"replies":[{"embeddable":true,"href":"https:\/\/robiwood.com\/en\/wp-json\/wp\/v2\/comments?post=2705"}],"version-history":[{"count":0,"href":"https:\/\/robiwood.com\/en\/wp-json\/wp\/v2\/pages\/2705\/revisions"}],"wp:attachment":[{"href":"https:\/\/robiwood.com\/en\/wp-json\/wp\/v2\/media?parent=2705"}],"curies":[{"name":"wp","href":"https:\/\/api.w.org\/{rel}","templated":true}]}}